{"id":11119,"date":"2025-04-09T12:00:32","date_gmt":"2025-04-09T10:00:32","guid":{"rendered":"https:\/\/hemendik.eu\/quienes-somos\/"},"modified":"2025-04-17T18:08:37","modified_gmt":"2025-04-17T16:08:37","slug":"quienes-somos","status":"publish","type":"page","link":"https:\/\/hemendik.eu\/es\/quienes-somos\/","title":{"rendered":"Qui\u00e9nes somos"},"content":{"rendered":"\t\t<div data-elementor-type=\"wp-page\" data-elementor-id=\"11119\" class=\"elementor elementor-11119 elementor-7222\" data-elementor-post-type=\"page\">\n\t\t\t\t<div class=\"elementor-element elementor-element-e48e900 e-con-full e-flex e-con e-parent\" data-id=\"e48e900\" data-element_type=\"container\">\n\t\t<div class=\"elementor-element elementor-element-f9d1aa3 e-con-full e-flex e-con e-child\" data-id=\"f9d1aa3\" data-element_type=\"container\" data-settings=\"{&quot;background_background&quot;:&quot;slideshow&quot;,&quot;background_slideshow_gallery&quot;:[{&quot;id&quot;:7473,&quot;url&quot;:&quot;https:\\\/\\\/hemendik.eu\\\/wp-content\\\/uploads\\\/2024\\\/12\\\/1855f67a0a98a7b90f3c37c20883375e-scaled.jpeg&quot;},{&quot;id&quot;:7721,&quot;url&quot;:&quot;https:\\\/\\\/hemendik.eu\\\/wp-content\\\/uploads\\\/2024\\\/10\\\/Hemendik-sancheski-skate-euskal-herri-v2.jpg&quot;},{&quot;id&quot;:7785,&quot;url&quot;:&quot;https:\\\/\\\/hemendik.eu\\\/wp-content\\\/uploads\\\/2024\\\/08\\\/Hemendik-liburua-web-home-v3.jpg&quot;},{&quot;id&quot;:8742,&quot;url&quot;:&quot;https:\\\/\\\/hemendik.eu\\\/wp-content\\\/uploads\\\/2025\\\/02\\\/hero-babelstudio-aralar-cottage-cabin-basque-country_dezeen_2364_col_14-1.jpg&quot;},{&quot;id&quot;:8399,&quot;url&quot;:&quot;https:\\\/\\\/hemendik.eu\\\/wp-content\\\/uploads\\\/2025\\\/01\\\/Hemendik-surf-taula-kortxo-notox.jpg&quot;},{&quot;id&quot;:7991,&quot;url&quot;:&quot;https:\\\/\\\/hemendik.eu\\\/wp-content\\\/uploads\\\/2025\\\/01\\\/Hemendik-orbea-bizikleta-hirian.jpg&quot;},{&quot;id&quot;:7798,&quot;url&quot;:&quot;https:\\\/\\\/hemendik.eu\\\/wp-content\\\/uploads\\\/2024\\\/10\\\/Alki-lantegi-berria-hemendik.jpg&quot;},{&quot;id&quot;:7765,&quot;url&quot;:&quot;https:\\\/\\\/hemendik.eu\\\/wp-content\\\/uploads\\\/2024\\\/10\\\/Sancheski-top-naranja-skate-hemendik_v2-1.jpg&quot;}],&quot;background_slideshow_slide_duration&quot;:250,&quot;background_slideshow_transition_duration&quot;:0,&quot;background_slideshow_loop&quot;:&quot;yes&quot;,&quot;background_slideshow_slide_transition&quot;:&quot;fade&quot;}\">\n\t\t\t\t<\/div>\n\t\t\t\t<\/div>\n\t\t<div class=\"elementor-element elementor-element-e7f7595 marco22 e-flex e-con-boxed e-con e-parent\" data-id=\"e7f7595\" data-element_type=\"container\">\n\t\t\t\t\t<div class=\"e-con-inner\">\n\t\t\t\t<div class=\"elementor-element elementor-element-80dad59 elementor-widget elementor-widget-text-editor\" data-id=\"80dad59\" data-element_type=\"widget\" data-widget_type=\"text-editor.default\">\n\t\t\t\t<div class=\"elementor-widget-container\">\n\t\t\t\t\t\t\t<h3>Hemendik, las iniciativas, la historia y la actualidad de nuestro territorio.<\/h3>\n\t\t\t\t\t\t<\/div>\n\t\t\t\t<\/div>\n\t\t\t\t\t<\/div>\n\t\t\t\t<\/div>\n\t\t<div class=\"elementor-element elementor-element-863e73b e-flex e-con-boxed e-con e-parent\" data-id=\"863e73b\" data-element_type=\"container\">\n\t\t\t\t\t<div class=\"e-con-inner\">\n\t\t\t\t<div class=\"elementor-element elementor-element-f890a9e elementor-widget elementor-widget-text-editor\" data-id=\"f890a9e\" data-element_type=\"widget\" data-widget_type=\"text-editor.default\">\n\t\t\t\t<div class=\"elementor-widget-container\">\n\t\t\t\t\t\t\t<p><strong data-start=\"61\" data-end=\"160\">Hemendik es una plataforma independiente que explora el territorio y la cultura del Pa\u00eds Vasco.<\/strong><br data-start=\"160\" data-end=\"163\" \/>A trav\u00e9s de nuestra revista online, nuestros contenidos y publicaciones, ponemos en valor narrativas cautivadoras al dar a conocer historias e iniciativas singulares.<br data-start=\"329\" data-end=\"332\" \/>Nuestra misi\u00f3n: construir una comunidad global conectando la cultura creativa con la industria y la sociedad \u2014 explorando iniciativas relevantes, visibilizando el talento local y generando valor a trav\u00e9s de relatos inspiradores. Relatos de objetos \u00fanicos cargados de historia, personas fascinantes que deber\u00edas conocer, iniciativas sorprendentes capaces de cambiar el mundo, figuras hist\u00f3ricas clave, negocios arraigados y comprometidos con sus comunidades, o arquitecturas y espacios singulares que pueden ayudarte a sentirte mejor\u2026<br data-start=\"865\" data-end=\"868\" \/>Esto es solo una muestra de lo que encontrar\u00e1s en Hemendik.<\/p>\n\t\t\t\t\t\t<\/div>\n\t\t\t\t<\/div>\n\t\t\t\t\t<\/div>\n\t\t\t\t<\/div>\n\t\t<div class=\"elementor-element elementor-element-881ca12 marco22 creditos-about e-con-full e-flex e-con e-parent\" data-id=\"881ca12\" data-element_type=\"container\">\n\t\t<div class=\"elementor-element elementor-element-4c48a8b e-con-full e-flex e-con e-child\" data-id=\"4c48a8b\" data-element_type=\"container\">\n\t\t\t\t<div class=\"elementor-element elementor-element-158ed5c elementor-widget elementor-widget-text-editor\" data-id=\"158ed5c\" data-element_type=\"widget\" data-widget_type=\"text-editor.default\">\n\t\t\t\t<div class=\"elementor-widget-container\">\n\t\t\t\t\t\t\t<p class=\"\" data-start=\"53\" data-end=\"112\"><strong data-start=\"53\" data-end=\"73\">Equipo editorial<\/strong><br data-start=\"73\" data-end=\"76\" \/>Jean Louis Iratzoki<br data-start=\"95\" data-end=\"98\" \/>Mikel Martin<\/p>\n<p><\/p>\n<p class=\"\" data-start=\"114\" data-end=\"161\"><strong data-start=\"114\" data-end=\"143\">Coordinaci\u00f3n del proyecto<\/strong><br data-start=\"143\" data-end=\"146\" \/>Eki Solorzano<\/p>\n<p><\/p>\n<p class=\"\" data-start=\"163\" data-end=\"200\"><strong data-start=\"163\" data-end=\"183\">Director de arte<\/strong><br data-start=\"183\" data-end=\"186\" \/>Mikel Martin<\/p>\n<p><\/p>\n<p class=\"\" data-start=\"202\" data-end=\"233\"><strong data-start=\"202\" data-end=\"224\">Contenido y dise\u00f1o<\/strong><br data-start=\"224\" data-end=\"227\" \/>Mito<\/p>\n<p><\/p>\n<p class=\"\" data-start=\"235\" data-end=\"276\"><strong data-start=\"235\" data-end=\"259\">Responsable de v\u00eddeo<\/strong><br data-start=\"259\" data-end=\"262\" \/>Iker Trevi\u00f1o<\/p>\n<p><\/p>\n<p class=\"\" data-start=\"278\" data-end=\"321\"><strong data-start=\"278\" data-end=\"302\">Organizaci\u00f3n interna<\/strong><br data-start=\"302\" data-end=\"305\" \/>Arantxa Biscay<\/p>\n<p><\/p>\n<p class=\"\" data-start=\"323\" data-end=\"347\"><strong data-start=\"323\" data-end=\"336\">Editorial<\/strong><br data-start=\"336\" data-end=\"339\" \/>Hemendik<\/p>\n\t\t\t\t\t\t<\/div>\n\t\t\t\t<\/div>\n\t\t\t\t<\/div>\n\t\t<div class=\"elementor-element elementor-element-e16a984 e-con-full e-flex e-con e-child\" data-id=\"e16a984\" data-element_type=\"container\">\n\t\t\t\t<div class=\"elementor-element elementor-element-cddd916 elementor-widget elementor-widget-text-editor\" data-id=\"cddd916\" data-element_type=\"widget\" data-widget_type=\"text-editor.default\">\n\t\t\t\t<div class=\"elementor-widget-container\">\n\t\t\t\t\t\t\t<p class=\"\" data-start=\"58\" data-end=\"149\"><strong data-start=\"58\" data-end=\"101\">Oficina en Iparralde\u00a0<\/strong><br data-start=\"101\" data-end=\"104\" \/>Errekarteko Bidea 106<br data-start=\"125\" data-end=\"128\" \/>64310 Azkaine, Labort<\/p>\n<p><\/p>\n<p class=\"\" data-start=\"151\" data-end=\"233\"><strong data-start=\"151\" data-end=\"191\">Oficina en Hegoalde\u00a0<\/strong><br data-start=\"191\" data-end=\"194\" \/>Sagasti Kalea 1<br data-start=\"209\" data-end=\"212\" \/>20271 Irura, Gipuzkoa<\/p>\n<p><\/p>\n<p class=\"\" data-start=\"235\" data-end=\"278\"><strong data-start=\"235\" data-end=\"261\">Marketing y publicidad<\/strong><br data-start=\"261\" data-end=\"264\" \/>Arantxa Biscay<\/p>\n<p><\/p>\n<p class=\"\" data-start=\"280\" data-end=\"319\"><strong data-start=\"280\" data-end=\"303\">Activaci\u00f3n y prensa<\/strong><br data-start=\"303\" data-end=\"306\" \/>Eki Solorzano<\/p>\n\t\t\t\t\t\t<\/div>\n\t\t\t\t<\/div>\n\t\t\t\t<\/div>\n\t\t\t\t<\/div>\n\t\t\t\t<\/div>\n\t\t","protected":false},"excerpt":{"rendered":"<p>Hemendik, las iniciativas, la historia y la actualidad de nuestro territorio. Hemendik es una plataforma independiente que explora el territorio y la cultura del Pa\u00eds Vasco.A trav\u00e9s de nuestra revista online, nuestros contenidos y publicaciones, ponemos en valor narrativas cautivadoras al dar a conocer historias e iniciativas singulares.Nuestra misi\u00f3n: construir una comunidad global conectando la &hellip;<\/p>\n","protected":false},"author":7,"featured_media":0,"parent":0,"menu_order":0,"comment_status":"closed","ping_status":"closed","template":"","meta":{"_acf_changed":false,"footnotes":""},"class_list":["post-11119","page","type-page","status-publish","hentry"],"acf":[],"_links":{"self":[{"href":"https:\/\/hemendik.eu\/es\/wp-json\/wp\/v2\/pages\/11119","targetHints":{"allow":["GET"]}}],"collection":[{"href":"https:\/\/hemendik.eu\/es\/wp-json\/wp\/v2\/pages"}],"about":[{"href":"https:\/\/hemendik.eu\/es\/wp-json\/wp\/v2\/types\/page"}],"author":[{"embeddable":true,"href":"https:\/\/hemendik.eu\/es\/wp-json\/wp\/v2\/users\/7"}],"replies":[{"embeddable":true,"href":"https:\/\/hemendik.eu\/es\/wp-json\/wp\/v2\/comments?post=11119"}],"version-history":[{"count":2,"href":"https:\/\/hemendik.eu\/es\/wp-json\/wp\/v2\/pages\/11119\/revisions"}],"predecessor-version":[{"id":11253,"href":"https:\/\/hemendik.eu\/es\/wp-json\/wp\/v2\/pages\/11119\/revisions\/11253"}],"wp:attachment":[{"href":"https:\/\/hemendik.eu\/es\/wp-json\/wp\/v2\/media?parent=11119"}],"curies":[{"name":"wp","href":"https:\/\/api.w.org\/{rel}","templated":true}]}}