{"id":11125,"date":"2025-04-09T12:13:41","date_gmt":"2025-04-09T10:13:41","guid":{"rendered":"https:\/\/hemendik.eu\/colaboradores\/"},"modified":"2025-04-09T12:13:41","modified_gmt":"2025-04-09T10:13:41","slug":"colaboradores","status":"publish","type":"page","link":"https:\/\/hemendik.eu\/es\/colaboradores\/","title":{"rendered":"Colaboradores"},"content":{"rendered":"\t\t<div data-elementor-type=\"wp-page\" data-elementor-id=\"11125\" class=\"elementor elementor-11125 elementor-7226\" data-elementor-post-type=\"page\">\n\t\t\t\t<div class=\"elementor-element elementor-element-0b9d1b1 e-flex e-con-boxed e-con e-parent\" data-id=\"0b9d1b1\" data-element_type=\"container\">\n\t\t\t\t\t<div class=\"e-con-inner\">\n\t\t\t\t<div class=\"elementor-element elementor-element-9f36565 elementor-widget elementor-widget-text-editor\" data-id=\"9f36565\" data-element_type=\"widget\" data-widget_type=\"text-editor.default\">\n\t\t\t\t<div class=\"elementor-widget-container\">\n\t\t\t\t\t\t\t<h4 style=\"font-family: 'demibolddisplay' !important;\">Colaboradores<\/h4>\n\t\t\t\t\t\t<\/div>\n\t\t\t\t<\/div>\n\t\t\t\t\t<\/div>\n\t\t\t\t<\/div>\n\t\t<div class=\"elementor-element elementor-element-3704714 colabo e-flex e-con-boxed e-con e-parent\" data-id=\"3704714\" data-element_type=\"container\">\n\t\t\t\t\t<div class=\"e-con-inner\">\n\t\t\t\t<div class=\"elementor-element elementor-element-7f5b23b elementor-widget elementor-widget-text-editor\" data-id=\"7f5b23b\" data-element_type=\"widget\" data-widget_type=\"text-editor.default\">\n\t\t\t\t<div class=\"elementor-widget-container\">\n\t\t\t\t\t\t\t<h1>LA ASOCIACI\u00d3N HEMENDIK<\/h1>\n<p>La asociaci\u00f3n Hemendik naci\u00f3 con la voluntad de poner en valor la creatividad y la historia de nuestro territorio a trav\u00e9s del relato. Es un proyecto que une, explorando tanto la memoria como la actualidad.<\/p>\n\t\t\t\t\t\t<\/div>\n\t\t\t\t<\/div>\n\t\t\t\t<div class=\"elementor-element elementor-element-d12713e elementor-widget elementor-widget-text-editor\" data-id=\"d12713e\" data-element_type=\"widget\" data-widget_type=\"text-editor.default\">\n\t\t\t\t<div class=\"elementor-widget-container\">\n\t\t\t\t\t\t\t<p><a href=\"http:\/\/www.hemendik.eu\" target=\"_blank\" rel=\"noopener\">www.hemendik.eu<\/a><\/p>\n\t\t\t\t\t\t<\/div>\n\t\t\t\t<\/div>\n\t\t\t\t\t<\/div>\n\t\t\t\t<\/div>\n\t\t<div class=\"elementor-element elementor-element-dc75328 e-con-full e-flex e-con e-parent\" data-id=\"dc75328\" data-element_type=\"container\">\n\t\t\t\t<div class=\"elementor-element elementor-element-8dec053 elementor-widget-divider--view-line elementor-widget elementor-widget-divider\" data-id=\"8dec053\" data-element_type=\"widget\" data-widget_type=\"divider.default\">\n\t\t\t\t<div class=\"elementor-widget-container\">\n\t\t\t\t\t<div class=\"elementor-divider\">\n\t\t\t<span class=\"elementor-divider-separator\">\n\t\t\t\t\t\t<\/span>\n\t\t<\/div>\n\t\t\t\t<\/div>\n\t\t\t\t<\/div>\n\t\t\t\t<\/div>\n\t\t<div class=\"elementor-element elementor-element-31de337 colabo e-flex e-con-boxed e-con e-parent\" data-id=\"31de337\" data-element_type=\"container\">\n\t\t\t\t\t<div class=\"e-con-inner\">\n\t\t\t\t<div class=\"elementor-element elementor-element-254b06d elementor-widget elementor-widget-text-editor\" data-id=\"254b06d\" data-element_type=\"widget\" data-widget_type=\"text-editor.default\">\n\t\t\t\t<div class=\"elementor-widget-container\">\n\t\t\t\t\t\t\t<h1>MITO<\/h1>\n<p><\/p>\n<p class=\"p1\">Mito es un estudio con sede en Irura, especializado en consultor\u00eda de estrategia de marca, dise\u00f1o e imagen. Est\u00e1 formado por profesionales creativos de diferentes \u00e1mbitos: estrategia, dise\u00f1o gr\u00e1fico, fotograf\u00eda, producci\u00f3n de v\u00eddeo, t\u00e9cnicos 3D, dise\u00f1o web, estilismo\u2026<\/p>\n\t\t\t\t\t\t<\/div>\n\t\t\t\t<\/div>\n\t\t\t\t<div class=\"elementor-element elementor-element-6f5203d elementor-widget elementor-widget-text-editor\" data-id=\"6f5203d\" data-element_type=\"widget\" data-widget_type=\"text-editor.default\">\n\t\t\t\t<div class=\"elementor-widget-container\">\n\t\t\t\t\t\t\t<p><a href=\"http:\/\/www.mito.eus\" target=\"_blank\" rel=\"noopener\">www.mito.eus<\/a><\/p>\n\t\t\t\t\t\t<\/div>\n\t\t\t\t<\/div>\n\t\t\t\t\t<\/div>\n\t\t\t\t<\/div>\n\t\t<div class=\"elementor-element elementor-element-752585b e-con-full e-flex e-con e-parent\" data-id=\"752585b\" data-element_type=\"container\">\n\t\t\t\t<div class=\"elementor-element elementor-element-0fdf9d5 elementor-widget-divider--view-line elementor-widget elementor-widget-divider\" data-id=\"0fdf9d5\" data-element_type=\"widget\" data-widget_type=\"divider.default\">\n\t\t\t\t<div class=\"elementor-widget-container\">\n\t\t\t\t\t<div class=\"elementor-divider\">\n\t\t\t<span class=\"elementor-divider-separator\">\n\t\t\t\t\t\t<\/span>\n\t\t<\/div>\n\t\t\t\t<\/div>\n\t\t\t\t<\/div>\n\t\t\t\t<\/div>\n\t\t<div class=\"elementor-element elementor-element-0cb660b colabo e-flex e-con-boxed e-con e-parent\" data-id=\"0cb660b\" data-element_type=\"container\">\n\t\t\t\t\t<div class=\"e-con-inner\">\n\t\t\t\t<div class=\"elementor-element elementor-element-6235c65 elementor-widget elementor-widget-text-editor\" data-id=\"6235c65\" data-element_type=\"widget\" data-widget_type=\"text-editor.default\">\n\t\t\t\t<div class=\"elementor-widget-container\">\n\t\t\t\t\t\t\t<h1>IRATZOKI STUDIO<\/h1>\n<p>Iratzoki Studio colabora con empresas locales en los campos del dise\u00f1o de producto, el dise\u00f1o de espacios y la direcci\u00f3n art\u00edstica. Est\u00e1 en el coraz\u00f3n del proyecto Hemendik desde sus inicios.<\/p>\n\t\t\t\t\t\t<\/div>\n\t\t\t\t<\/div>\n\t\t\t\t<div class=\"elementor-element elementor-element-3750ce7 elementor-widget elementor-widget-text-editor\" data-id=\"3750ce7\" data-element_type=\"widget\" data-widget_type=\"text-editor.default\">\n\t\t\t\t<div class=\"elementor-widget-container\">\n\t\t\t\t\t\t\t<p><a href=\"https:\/\/iratzoki.studio\">www.iratzoki.studio<\/a><\/p>\n\t\t\t\t\t\t<\/div>\n\t\t\t\t<\/div>\n\t\t\t\t\t<\/div>\n\t\t\t\t<\/div>\n\t\t<div class=\"elementor-element elementor-element-46e2597 e-con-full e-flex e-con e-parent\" data-id=\"46e2597\" data-element_type=\"container\">\n\t\t\t\t<div class=\"elementor-element elementor-element-89b9b6a elementor-widget-divider--view-line elementor-widget elementor-widget-divider\" data-id=\"89b9b6a\" data-element_type=\"widget\" data-widget_type=\"divider.default\">\n\t\t\t\t<div class=\"elementor-widget-container\">\n\t\t\t\t\t<div class=\"elementor-divider\">\n\t\t\t<span class=\"elementor-divider-separator\">\n\t\t\t\t\t\t<\/span>\n\t\t<\/div>\n\t\t\t\t<\/div>\n\t\t\t\t<\/div>\n\t\t\t\t<\/div>\n\t\t<div class=\"elementor-element elementor-element-10712d9 colabo e-flex e-con-boxed e-con e-parent\" data-id=\"10712d9\" data-element_type=\"container\">\n\t\t\t\t\t<div class=\"e-con-inner\">\n\t\t\t\t<div class=\"elementor-element elementor-element-6758bc8 elementor-widget elementor-widget-text-editor\" data-id=\"6758bc8\" data-element_type=\"widget\" data-widget_type=\"text-editor.default\">\n\t\t\t\t<div class=\"elementor-widget-container\">\n\t\t\t\t\t\t\t<h1>IKER OKER<\/h1>\n<p>Iker Trevi\u00f1o es un profesional independiente especializado en v\u00eddeo y cine.<br \/>Como productor y director, trabaja junto a profesionales del \u00e1mbito audiovisual: sonido, imagen, entrevistas, montaje\u2026<\/p>\n\t\t\t\t\t\t<\/div>\n\t\t\t\t<\/div>\n\t\t\t\t<div class=\"elementor-element elementor-element-f373df0 elementor-widget elementor-widget-text-editor\" data-id=\"f373df0\" data-element_type=\"widget\" data-widget_type=\"text-editor.default\">\n\t\t\t\t<div class=\"elementor-widget-container\">\n\t\t\t\t\t\t\t<p><a href=\"http:\/\/www.instagram.com\/_ikeroker_\/\" target=\"_blank\" rel=\"noopener\">www.instagram.com\/_ikeroker_\/<\/a><\/p>\n\t\t\t\t\t\t<\/div>\n\t\t\t\t<\/div>\n\t\t\t\t\t<\/div>\n\t\t\t\t<\/div>\n\t\t<div class=\"elementor-element elementor-element-0eaf1e8 e-con-full e-flex e-con e-parent\" data-id=\"0eaf1e8\" data-element_type=\"container\">\n\t\t\t\t<div class=\"elementor-element elementor-element-a47e9a4 elementor-widget-divider--view-line elementor-widget elementor-widget-divider\" data-id=\"a47e9a4\" data-element_type=\"widget\" data-widget_type=\"divider.default\">\n\t\t\t\t<div class=\"elementor-widget-container\">\n\t\t\t\t\t<div class=\"elementor-divider\">\n\t\t\t<span class=\"elementor-divider-separator\">\n\t\t\t\t\t\t<\/span>\n\t\t<\/div>\n\t\t\t\t<\/div>\n\t\t\t\t<\/div>\n\t\t\t\t<\/div>\n\t\t<div class=\"elementor-element elementor-element-963c24d colabo e-flex e-con-boxed e-con e-parent\" data-id=\"963c24d\" data-element_type=\"container\">\n\t\t\t\t\t<div class=\"e-con-inner\">\n\t\t\t\t<div class=\"elementor-element elementor-element-674dedc elementor-widget elementor-widget-text-editor\" data-id=\"674dedc\" data-element_type=\"widget\" data-widget_type=\"text-editor.default\">\n\t\t\t\t<div class=\"elementor-widget-container\">\n\t\t\t\t\t\t\t<h1>LABRIT<\/h1>\n<p><\/p>\n<p class=\"p1\">Labrit es una empresa con sede en Pamplona, especializada en la valorizaci\u00f3n del patrimonio inmaterial. Fundada en 2008 por Gaizka Aranguren, se dedica a la recogida, an\u00e1lisis y difusi\u00f3n de datos relacionados con el patrimonio inmaterial y familiar.<\/p>\n\t\t\t\t\t\t<\/div>\n\t\t\t\t<\/div>\n\t\t\t\t<div class=\"elementor-element elementor-element-5f73915 elementor-widget elementor-widget-text-editor\" data-id=\"5f73915\" data-element_type=\"widget\" data-widget_type=\"text-editor.default\">\n\t\t\t\t<div class=\"elementor-widget-container\">\n\t\t\t\t\t\t\t<p><a href=\"https:\/\/labrit.net\/\" target=\"_blank\" rel=\"noopener\">https:\/\/labrit.net\/<\/a><\/p>\n\t\t\t\t\t\t<\/div>\n\t\t\t\t<\/div>\n\t\t\t\t\t<\/div>\n\t\t\t\t<\/div>\n\t\t<div class=\"elementor-element elementor-element-92482af e-con-full e-flex e-con e-parent\" data-id=\"92482af\" data-element_type=\"container\">\n\t\t\t\t<div class=\"elementor-element elementor-element-0817765 elementor-widget-divider--view-line elementor-widget elementor-widget-divider\" data-id=\"0817765\" data-element_type=\"widget\" data-widget_type=\"divider.default\">\n\t\t\t\t<div class=\"elementor-widget-container\">\n\t\t\t\t\t<div class=\"elementor-divider\">\n\t\t\t<span class=\"elementor-divider-separator\">\n\t\t\t\t\t\t<\/span>\n\t\t<\/div>\n\t\t\t\t<\/div>\n\t\t\t\t<\/div>\n\t\t\t\t<\/div>\n\t\t<div class=\"elementor-element elementor-element-89c1dca colabo e-flex e-con-boxed e-con e-parent\" data-id=\"89c1dca\" data-element_type=\"container\">\n\t\t\t\t\t<div class=\"e-con-inner\">\n\t\t\t\t<div class=\"elementor-element elementor-element-f2ec4da elementor-widget elementor-widget-text-editor\" data-id=\"f2ec4da\" data-element_type=\"widget\" data-widget_type=\"text-editor.default\">\n\t\t\t\t<div class=\"elementor-widget-container\">\n\t\t\t\t\t\t\t<h1>NAHIA ZUBELDIA<\/h1>\n<p>Nahia Zubeldia colabora con nosotros desde la creaci\u00f3n de la asociaci\u00f3n como redactora y traductora. Ha participado tanto en la elaboraci\u00f3n del libro como en esta nueva plataforma.<\/p>\n\t\t\t\t\t\t<\/div>\n\t\t\t\t<\/div>\n\t\t\t\t<div class=\"elementor-element elementor-element-ac64d7a elementor-widget elementor-widget-text-editor\" data-id=\"ac64d7a\" data-element_type=\"widget\" data-widget_type=\"text-editor.default\">\n\t\t\t\t<div class=\"elementor-widget-container\">\n\t\t\t\t\t\t\t<p><a href=\"http:\/\/www.instagram.com\/nahiazubeldia\/\" target=\"_blank\" rel=\"noopener\">www.instagram.com\/nahiazubeldia\/<\/a><\/p>\n\t\t\t\t\t\t<\/div>\n\t\t\t\t<\/div>\n\t\t\t\t\t<\/div>\n\t\t\t\t<\/div>\n\t\t<div class=\"elementor-element elementor-element-e4452a6 e-con-full e-flex e-con e-parent\" data-id=\"e4452a6\" data-element_type=\"container\">\n\t\t\t\t<div class=\"elementor-element elementor-element-7ff4d23 elementor-widget-divider--view-line elementor-widget elementor-widget-divider\" data-id=\"7ff4d23\" data-element_type=\"widget\" data-widget_type=\"divider.default\">\n\t\t\t\t<div class=\"elementor-widget-container\">\n\t\t\t\t\t<div class=\"elementor-divider\">\n\t\t\t<span class=\"elementor-divider-separator\">\n\t\t\t\t\t\t<\/span>\n\t\t<\/div>\n\t\t\t\t<\/div>\n\t\t\t\t<\/div>\n\t\t\t\t<\/div>\n\t\t<div class=\"elementor-element elementor-element-f71fcff colabo e-flex e-con-boxed e-con e-parent\" data-id=\"f71fcff\" data-element_type=\"container\">\n\t\t\t\t\t<div class=\"e-con-inner\">\n\t\t\t\t<div class=\"elementor-element elementor-element-d3f267b elementor-widget elementor-widget-text-editor\" data-id=\"d3f267b\" data-element_type=\"widget\" data-widget_type=\"text-editor.default\">\n\t\t\t\t<div class=\"elementor-widget-container\">\n\t\t\t\t\t\t\t<h1>HOLMES TRANSLATION<\/h1>\n<p>Mrs Holmes colabora con nosotros en las traducciones al ingl\u00e9s.<\/p>\n\t\t\t\t\t\t<\/div>\n\t\t\t\t<\/div>\n\t\t\t\t\t<\/div>\n\t\t\t\t<\/div>\n\t\t\t\t<\/div>\n\t\t","protected":false},"excerpt":{"rendered":"<p>Colaboradores LA ASOCIACI\u00d3N HEMENDIK La asociaci\u00f3n Hemendik naci\u00f3 con la voluntad de poner en valor la creatividad y la historia de nuestro territorio a trav\u00e9s del relato. Es un proyecto que une, explorando tanto la memoria como la actualidad. www.hemendik.eu MITO Mito es un estudio con sede en Irura, especializado en consultor\u00eda de estrategia de &hellip;<\/p>\n","protected":false},"author":7,"featured_media":0,"parent":0,"menu_order":0,"comment_status":"closed","ping_status":"closed","template":"","meta":{"_acf_changed":false,"footnotes":""},"class_list":["post-11125","page","type-page","status-publish","hentry"],"acf":[],"_links":{"self":[{"href":"https:\/\/hemendik.eu\/es\/wp-json\/wp\/v2\/pages\/11125","targetHints":{"allow":["GET"]}}],"collection":[{"href":"https:\/\/hemendik.eu\/es\/wp-json\/wp\/v2\/pages"}],"about":[{"href":"https:\/\/hemendik.eu\/es\/wp-json\/wp\/v2\/types\/page"}],"author":[{"embeddable":true,"href":"https:\/\/hemendik.eu\/es\/wp-json\/wp\/v2\/users\/7"}],"replies":[{"embeddable":true,"href":"https:\/\/hemendik.eu\/es\/wp-json\/wp\/v2\/comments?post=11125"}],"version-history":[{"count":1,"href":"https:\/\/hemendik.eu\/es\/wp-json\/wp\/v2\/pages\/11125\/revisions"}],"predecessor-version":[{"id":11126,"href":"https:\/\/hemendik.eu\/es\/wp-json\/wp\/v2\/pages\/11125\/revisions\/11126"}],"wp:attachment":[{"href":"https:\/\/hemendik.eu\/es\/wp-json\/wp\/v2\/media?parent=11125"}],"curies":[{"name":"wp","href":"https:\/\/api.w.org\/{rel}","templated":true}]}}