{"id":10007,"date":"2024-03-31T18:08:26","date_gmt":"2024-03-31T16:08:26","guid":{"rendered":"https:\/\/hemendik.eu\/product\/lur-garden-liburua\/"},"modified":"2025-03-31T18:12:24","modified_gmt":"2025-03-31T16:12:24","slug":"libro-lur-garden","status":"publish","type":"product","link":"https:\/\/hemendik.eu\/es\/producto\/libro-lur-garden\/","title":{"rendered":"Libro Lur Garden"},"content":{"rendered":"","protected":false},"excerpt":{"rendered":"<p>Libro escrito por I\u00f1igo Segurola Arregui donde se describe sus inicios en el mundo del paisajismo, dando paso a una narraci\u00f3n minuciosa de lo que se ha convertido en la obra de su vida, el jard\u00edn de jardines LUR Garden.<\/p>\n","protected":false},"featured_media":9988,"template":"","meta":{"_acf_changed":false},"product_brand":[],"product_cat":[124,89,195],"product_tag":[],"class_list":{"0":"post-10007","1":"product","2":"type-product","3":"status-publish","4":"has-post-thumbnail","6":"product_cat-uncategorized","7":"product_cat-editorial","8":"product_cat-uncategorized-es","10":"first","11":"outofstock","12":"shipping-taxable","13":"purchasable","14":"product-type-simple"},"acf":[],"_links":{"self":[{"href":"https:\/\/hemendik.eu\/es\/wp-json\/wp\/v2\/product\/10007","targetHints":{"allow":["GET"]}}],"collection":[{"href":"https:\/\/hemendik.eu\/es\/wp-json\/wp\/v2\/product"}],"about":[{"href":"https:\/\/hemendik.eu\/es\/wp-json\/wp\/v2\/types\/product"}],"wp:featuredmedia":[{"embeddable":true,"href":"https:\/\/hemendik.eu\/es\/wp-json\/wp\/v2\/media\/9988"}],"wp:attachment":[{"href":"https:\/\/hemendik.eu\/es\/wp-json\/wp\/v2\/media?parent=10007"}],"wp:term":[{"taxonomy":"product_brand","embeddable":true,"href":"https:\/\/hemendik.eu\/es\/wp-json\/wp\/v2\/product_brand?post=10007"},{"taxonomy":"product_cat","embeddable":true,"href":"https:\/\/hemendik.eu\/es\/wp-json\/wp\/v2\/product_cat?post=10007"},{"taxonomy":"product_tag","embeddable":true,"href":"https:\/\/hemendik.eu\/es\/wp-json\/wp\/v2\/product_tag?post=10007"}],"curies":[{"name":"wp","href":"https:\/\/api.w.org\/{rel}","templated":true}]}}