{"id":11601,"date":"2025-06-05T16:14:41","date_gmt":"2025-06-05T14:14:41","guid":{"rendered":"https:\/\/hemendik.eu\/product\/uhin-taburetea\/"},"modified":"2025-06-05T16:31:12","modified_gmt":"2025-06-05T14:31:12","slug":"uhin-taburetea","status":"publish","type":"product","link":"https:\/\/hemendik.eu\/es\/producto\/uhin-taburetea\/","title":{"rendered":"Taburete Uhin"},"content":{"rendered":"","protected":false},"excerpt":{"rendered":"<p>M\u00e1s de 100 a\u00f1os despu\u00e9s del nacimiento de Nestor Basterretxea, Alki reedita un asiento dise\u00f1ado en 1961 por este pionero del dise\u00f1o industrial vasco. Siempre actual, este modelo refleja la audacia y la innovaci\u00f3n que marcaron la obra de Basterretxea.<\/p>\n<p>El modelo original ya era atemporal: su viaje hacia el futuro estaba escrito.<br \/>\nEl asiento se fabrica mediante compresi\u00f3n de l\u00e1minas de madera, cuya capa superficial es de roble, un \u00e1rbol muy querido por Basterretxea.<\/p>\n","protected":false},"featured_media":11586,"template":"","meta":{"_acf_changed":false},"product_brand":[],"product_cat":[195],"product_tag":[],"class_list":{"0":"post-11601","1":"product","2":"type-product","3":"status-publish","4":"has-post-thumbnail","6":"product_cat-uncategorized-es","8":"first","9":"instock","10":"shipping-taxable","11":"purchasable","12":"product-type-simple"},"acf":[],"_links":{"self":[{"href":"https:\/\/hemendik.eu\/es\/wp-json\/wp\/v2\/product\/11601","targetHints":{"allow":["GET"]}}],"collection":[{"href":"https:\/\/hemendik.eu\/es\/wp-json\/wp\/v2\/product"}],"about":[{"href":"https:\/\/hemendik.eu\/es\/wp-json\/wp\/v2\/types\/product"}],"wp:featuredmedia":[{"embeddable":true,"href":"https:\/\/hemendik.eu\/es\/wp-json\/wp\/v2\/media\/11586"}],"wp:attachment":[{"href":"https:\/\/hemendik.eu\/es\/wp-json\/wp\/v2\/media?parent=11601"}],"wp:term":[{"taxonomy":"product_brand","embeddable":true,"href":"https:\/\/hemendik.eu\/es\/wp-json\/wp\/v2\/product_brand?post=11601"},{"taxonomy":"product_cat","embeddable":true,"href":"https:\/\/hemendik.eu\/es\/wp-json\/wp\/v2\/product_cat?post=11601"},{"taxonomy":"product_tag","embeddable":true,"href":"https:\/\/hemendik.eu\/es\/wp-json\/wp\/v2\/product_tag?post=11601"}],"curies":[{"name":"wp","href":"https:\/\/api.w.org\/{rel}","templated":true}]}}