{"id":3775,"date":"2025-03-26T15:13:23","date_gmt":"2025-03-26T14:13:23","guid":{"rendered":"https:\/\/hemendik.eu\/?post_type=product&#038;p=3775"},"modified":"2025-11-03T16:18:13","modified_gmt":"2025-11-03T15:18:13","slug":"libro-hemendik","status":"publish","type":"product","link":"https:\/\/hemendik.eu\/es\/producto\/libro-hemendik\/","title":{"rendered":"Libro Hemendik"},"content":{"rendered":"","protected":false},"excerpt":{"rendered":"<p>La historia de un objeto proporciona la oportunidad de entrelazar contextos variados como el geogr\u00e1fico, el hist\u00f3rico, el pol\u00edtico o el social. Mediante esta seleccio\u0301n de 50 productos se muestran diversas facetas de un pai\u0301s dividido en diferentes entidades al que le falta una memoria colectiva. Desde siempre, dise\u00f1ar un objeto requiere hacer, rehacer, mirar, renovar, mejorar, adaptar, acertar, arriesgar. Es ese largo camino del proceso creativo el que aqui\u0301 nos interesa especialmente.<\/p>\n","protected":false},"featured_media":4107,"template":"","meta":{"_acf_changed":false},"product_brand":[],"product_cat":[89],"product_tag":[],"class_list":{"0":"post-3775","1":"product","2":"type-product","3":"status-publish","4":"has-post-thumbnail","6":"product_cat-editorial","8":"first","9":"instock","10":"shipping-taxable","11":"purchasable","12":"product-type-variable"},"acf":[],"_links":{"self":[{"href":"https:\/\/hemendik.eu\/es\/wp-json\/wp\/v2\/product\/3775","targetHints":{"allow":["GET"]}}],"collection":[{"href":"https:\/\/hemendik.eu\/es\/wp-json\/wp\/v2\/product"}],"about":[{"href":"https:\/\/hemendik.eu\/es\/wp-json\/wp\/v2\/types\/product"}],"wp:featuredmedia":[{"embeddable":true,"href":"https:\/\/hemendik.eu\/es\/wp-json\/wp\/v2\/media\/4107"}],"wp:attachment":[{"href":"https:\/\/hemendik.eu\/es\/wp-json\/wp\/v2\/media?parent=3775"}],"wp:term":[{"taxonomy":"product_brand","embeddable":true,"href":"https:\/\/hemendik.eu\/es\/wp-json\/wp\/v2\/product_brand?post=3775"},{"taxonomy":"product_cat","embeddable":true,"href":"https:\/\/hemendik.eu\/es\/wp-json\/wp\/v2\/product_cat?post=3775"},{"taxonomy":"product_tag","embeddable":true,"href":"https:\/\/hemendik.eu\/es\/wp-json\/wp\/v2\/product_tag?post=3775"}],"curies":[{"name":"wp","href":"https:\/\/api.w.org\/{rel}","templated":true}]}}