{"id":9594,"date":"2025-03-20T11:27:45","date_gmt":"2025-03-20T10:27:45","guid":{"rendered":"https:\/\/hemendik.eu\/product\/txikitero-edalontzia\/"},"modified":"2025-03-26T15:00:14","modified_gmt":"2025-03-26T14:00:14","slug":"txikitero-edalontzia","status":"publish","type":"product","link":"https:\/\/hemendik.eu\/es\/producto\/txikitero-edalontzia\/","title":{"rendered":"Vaso Txikitero"},"content":{"rendered":"<p>A simple vista, el vaso de txikiteo presenta un aspecto cl\u00e1sico. Es peque\u00f1o, de ah\u00ed su nombre, \u201ctxiki\u201d, pesa algo m\u00e1s de 600 gramos y podr\u00eda contener hasta 25 cl. de l\u00edquido si no fuera porque dos tercios de su altura est\u00e1n cubiertos de vidrio. As\u00ed que el particular vaso \u201ctxikitero\u201d s\u00f3lo tiene una capacidad de 12 cl.<\/p>\n<p class=\"p1\">12 CL TXIKITERO 18SM R C12<\/p>\n<p>&nbsp;<\/p>\n","protected":false},"excerpt":{"rendered":"<p>A simple vista, el vaso de txikiteo presenta un aspecto cl\u00e1sico. Es peque\u00f1o, de ah\u00ed su nombre, \u201ctxiki\u201d, pesa algo m\u00e1s de 600 gramos y podr\u00eda contener hasta 25 cl. de l\u00edquido si no fuera porque dos tercios de su altura est\u00e1n cubiertos de vidrio. As\u00ed que el particular vaso \u201ctxikitero\u201d s\u00f3lo tiene una capacidad de 12 cl.<\/p>\n<p>12 CL TXIKITERO 18SM R C12<\/p>\n","protected":false},"featured_media":9561,"template":"","meta":{"_acf_changed":false},"product_brand":[],"product_cat":[195],"product_tag":[],"class_list":{"0":"post-9594","1":"product","2":"type-product","3":"status-publish","4":"has-post-thumbnail","6":"product_cat-uncategorized-es","8":"first","9":"instock","10":"shipping-taxable","11":"purchasable","12":"product-type-simple"},"acf":[],"_links":{"self":[{"href":"https:\/\/hemendik.eu\/es\/wp-json\/wp\/v2\/product\/9594","targetHints":{"allow":["GET"]}}],"collection":[{"href":"https:\/\/hemendik.eu\/es\/wp-json\/wp\/v2\/product"}],"about":[{"href":"https:\/\/hemendik.eu\/es\/wp-json\/wp\/v2\/types\/product"}],"wp:featuredmedia":[{"embeddable":true,"href":"https:\/\/hemendik.eu\/es\/wp-json\/wp\/v2\/media\/9561"}],"wp:attachment":[{"href":"https:\/\/hemendik.eu\/es\/wp-json\/wp\/v2\/media?parent=9594"}],"wp:term":[{"taxonomy":"product_brand","embeddable":true,"href":"https:\/\/hemendik.eu\/es\/wp-json\/wp\/v2\/product_brand?post=9594"},{"taxonomy":"product_cat","embeddable":true,"href":"https:\/\/hemendik.eu\/es\/wp-json\/wp\/v2\/product_cat?post=9594"},{"taxonomy":"product_tag","embeddable":true,"href":"https:\/\/hemendik.eu\/es\/wp-json\/wp\/v2\/product_tag?post=9594"}],"curies":[{"name":"wp","href":"https:\/\/api.w.org\/{rel}","templated":true}]}}