{"id":11115,"date":"2025-04-09T11:55:45","date_gmt":"2025-04-09T09:55:45","guid":{"rendered":"https:\/\/hemendik.eu\/qui-sommes-nous\/"},"modified":"2025-04-17T18:06:25","modified_gmt":"2025-04-17T16:06:25","slug":"qui-sommes-nous","status":"publish","type":"page","link":"https:\/\/hemendik.eu\/fr\/qui-sommes-nous\/","title":{"rendered":"Qui sommes nous ?"},"content":{"rendered":"\t\t<div data-elementor-type=\"wp-page\" data-elementor-id=\"11115\" class=\"elementor elementor-11115 elementor-7222\" data-elementor-post-type=\"page\">\n\t\t\t\t<div class=\"elementor-element elementor-element-e48e900 e-con-full e-flex e-con e-parent\" data-id=\"e48e900\" data-element_type=\"container\">\n\t\t<div class=\"elementor-element elementor-element-f9d1aa3 e-con-full e-flex e-con e-child\" data-id=\"f9d1aa3\" data-element_type=\"container\" data-settings=\"{&quot;background_background&quot;:&quot;slideshow&quot;,&quot;background_slideshow_gallery&quot;:[{&quot;id&quot;:7473,&quot;url&quot;:&quot;https:\\\/\\\/hemendik.eu\\\/wp-content\\\/uploads\\\/2024\\\/12\\\/1855f67a0a98a7b90f3c37c20883375e-scaled.jpeg&quot;},{&quot;id&quot;:7721,&quot;url&quot;:&quot;https:\\\/\\\/hemendik.eu\\\/wp-content\\\/uploads\\\/2024\\\/10\\\/Hemendik-sancheski-skate-euskal-herri-v2.jpg&quot;},{&quot;id&quot;:7785,&quot;url&quot;:&quot;https:\\\/\\\/hemendik.eu\\\/wp-content\\\/uploads\\\/2024\\\/08\\\/Hemendik-liburua-web-home-v3.jpg&quot;},{&quot;id&quot;:8742,&quot;url&quot;:&quot;https:\\\/\\\/hemendik.eu\\\/wp-content\\\/uploads\\\/2025\\\/02\\\/hero-babelstudio-aralar-cottage-cabin-basque-country_dezeen_2364_col_14-1.jpg&quot;},{&quot;id&quot;:8399,&quot;url&quot;:&quot;https:\\\/\\\/hemendik.eu\\\/wp-content\\\/uploads\\\/2025\\\/01\\\/Hemendik-surf-taula-kortxo-notox.jpg&quot;},{&quot;id&quot;:7991,&quot;url&quot;:&quot;https:\\\/\\\/hemendik.eu\\\/wp-content\\\/uploads\\\/2025\\\/01\\\/Hemendik-orbea-bizikleta-hirian.jpg&quot;},{&quot;id&quot;:7798,&quot;url&quot;:&quot;https:\\\/\\\/hemendik.eu\\\/wp-content\\\/uploads\\\/2024\\\/10\\\/Alki-lantegi-berria-hemendik.jpg&quot;},{&quot;id&quot;:7765,&quot;url&quot;:&quot;https:\\\/\\\/hemendik.eu\\\/wp-content\\\/uploads\\\/2024\\\/10\\\/Sancheski-top-naranja-skate-hemendik_v2-1.jpg&quot;}],&quot;background_slideshow_slide_duration&quot;:250,&quot;background_slideshow_transition_duration&quot;:0,&quot;background_slideshow_loop&quot;:&quot;yes&quot;,&quot;background_slideshow_slide_transition&quot;:&quot;fade&quot;}\">\n\t\t\t\t<\/div>\n\t\t\t\t<\/div>\n\t\t<div class=\"elementor-element elementor-element-e7f7595 marco22 e-flex e-con-boxed e-con e-parent\" data-id=\"e7f7595\" data-element_type=\"container\">\n\t\t\t\t\t<div class=\"e-con-inner\">\n\t\t\t\t<div class=\"elementor-element elementor-element-80dad59 elementor-widget elementor-widget-text-editor\" data-id=\"80dad59\" data-element_type=\"widget\" data-widget_type=\"text-editor.default\">\n\t\t\t\t<div class=\"elementor-widget-container\">\n\t\t\t\t\t\t\t<p>Hemendik, les initiatives, l\u2019histoire et l\u2019actualit\u00e9 de notre territoire.<\/p>\n\t\t\t\t\t\t<\/div>\n\t\t\t\t<\/div>\n\t\t\t\t\t<\/div>\n\t\t\t\t<\/div>\n\t\t<div class=\"elementor-element elementor-element-863e73b e-flex e-con-boxed e-con e-parent\" data-id=\"863e73b\" data-element_type=\"container\">\n\t\t\t\t\t<div class=\"e-con-inner\">\n\t\t\t\t<div class=\"elementor-element elementor-element-f890a9e elementor-widget elementor-widget-text-editor\" data-id=\"f890a9e\" data-element_type=\"widget\" data-widget_type=\"text-editor.default\">\n\t\t\t\t<div class=\"elementor-widget-container\">\n\t\t\t\t\t\t\t<p><strong data-start=\"69\" data-end=\"169\">Hemendik est une plateforme ind\u00e9pendante qui explore le territoire et la culture du Pays Basque.<\/strong><br data-start=\"169\" data-end=\"172\" \/>\u00c0 travers notre magazine en ligne, nos contenus et nos publications, nous mettons en lumi\u00e8re des r\u00e9cits captivants, en r\u00e9v\u00e9lant des histoires et des initiatives singuli\u00e8res.<br data-start=\"345\" data-end=\"348\" \/>Notre mission : construire une communaut\u00e9 globale en connectant la culture cr\u00e9ative \u00e0 l\u2019industrie et \u00e0 la soci\u00e9t\u00e9, en explorant des initiatives int\u00e9ressantes, en valorisant les talents locaux et en cr\u00e9ant de la valeur \u00e0 travers des r\u00e9cits inspirants : des objets uniques charg\u00e9s d\u2019histoire, des personnes fascinantes que vous devriez conna\u00eetre, des initiatives \u00e9tonnantes capables de changer le monde, des figures marquantes du pass\u00e9, des entreprises ancr\u00e9es et engag\u00e9es dans leur communaut\u00e9, ou encore des architectures et espaces singuliers qui vous aideront \u00e0 vous sentir mieux\u2026<br data-start=\"929\" data-end=\"932\" \/>Voil\u00e0 un aper\u00e7u de ce que vous trouverez sur Hemendik.<\/p>\n\t\t\t\t\t\t<\/div>\n\t\t\t\t<\/div>\n\t\t\t\t\t<\/div>\n\t\t\t\t<\/div>\n\t\t<div class=\"elementor-element elementor-element-881ca12 marco22 creditos-about e-con-full e-flex e-con e-parent\" data-id=\"881ca12\" data-element_type=\"container\">\n\t\t<div class=\"elementor-element elementor-element-4c48a8b e-con-full e-flex e-con e-child\" data-id=\"4c48a8b\" data-element_type=\"container\">\n\t\t\t\t<div class=\"elementor-element elementor-element-158ed5c elementor-widget elementor-widget-text-editor\" data-id=\"158ed5c\" data-element_type=\"widget\" data-widget_type=\"text-editor.default\">\n\t\t\t\t<div class=\"elementor-widget-container\">\n\t\t\t\t\t\t\t<p class=\"\" data-start=\"46\" data-end=\"106\"><strong data-start=\"46\" data-end=\"67\">\u00c9quipe \u00e9ditoriale<\/strong><br data-start=\"67\" data-end=\"70\" \/>Jean Louis Iratzoki<br data-start=\"89\" data-end=\"92\" \/>Mikel Martin<\/p>\n<p><\/p>\n<p class=\"\" data-start=\"108\" data-end=\"152\"><strong data-start=\"108\" data-end=\"134\">Coordination du projet<\/strong><br data-start=\"134\" data-end=\"137\" \/>Eki Solorzano<\/p>\n<p><\/p>\n<p class=\"\" data-start=\"154\" data-end=\"195\"><strong data-start=\"154\" data-end=\"178\">Directeur artistique<\/strong><br data-start=\"178\" data-end=\"181\" \/>Mikel Martin<\/p>\n<p><\/p>\n<p class=\"\" data-start=\"197\" data-end=\"227\"><strong data-start=\"197\" data-end=\"218\">Contenus &amp; design<\/strong><br data-start=\"218\" data-end=\"221\" \/>Mito<\/p>\n<p><\/p>\n<p class=\"\" data-start=\"229\" data-end=\"267\"><strong data-start=\"229\" data-end=\"250\">Responsable vid\u00e9o<\/strong><br data-start=\"250\" data-end=\"253\" \/>Iker Trevi\u00f1o<\/p>\n<p><\/p>\n<p class=\"\" data-start=\"269\" data-end=\"312\"><strong data-start=\"269\" data-end=\"293\">Organisation interne<\/strong><br data-start=\"293\" data-end=\"296\" \/>Arantxa Biscay<\/p>\n<p><\/p>\n<p class=\"\" data-start=\"314\" data-end=\"336\"><strong data-start=\"314\" data-end=\"325\">\u00c9diteur<\/strong><br data-start=\"325\" data-end=\"328\" \/>Hemendik<\/p>\n\t\t\t\t\t\t<\/div>\n\t\t\t\t<\/div>\n\t\t\t\t<\/div>\n\t\t<div class=\"elementor-element elementor-element-e16a984 e-con-full e-flex e-con e-child\" data-id=\"e16a984\" data-element_type=\"container\">\n\t\t\t\t<div class=\"elementor-element elementor-element-cddd916 elementor-widget elementor-widget-text-editor\" data-id=\"cddd916\" data-element_type=\"widget\" data-widget_type=\"text-editor.default\">\n\t\t\t\t<div class=\"elementor-widget-container\">\n\t\t\t\t\t\t\t<p><strong>Contact:<\/strong><\/p>\n<p><strong>Bureau Iparralde<\/strong><br \/>Errekarteko bidea 106<br \/>64310 Azkaine, Lapurdi<\/p>\n<p><strong>Bureau Hegoalde<\/strong><br \/>Sagasti kalea 1<br \/>20271 Irura, Gipuzkoa<\/p>\n<p><strong>Marketing &amp; publicit\u00e9\u00a0<\/strong><br \/>Arantxa Biscay<\/p>\n<p><strong>Activation &amp; Presse\u00a0<\/strong><br \/>Eki Solorzano<\/p>\n\t\t\t\t\t\t<\/div>\n\t\t\t\t<\/div>\n\t\t\t\t<\/div>\n\t\t\t\t<\/div>\n\t\t\t\t<\/div>\n\t\t","protected":false},"excerpt":{"rendered":"<p>Hemendik, les initiatives, l\u2019histoire et l\u2019actualit\u00e9 de notre territoire. Hemendik est une plateforme ind\u00e9pendante qui explore le territoire et la culture du Pays Basque.\u00c0 travers notre magazine en ligne, nos contenus et nos publications, nous mettons en lumi\u00e8re des r\u00e9cits captivants, en r\u00e9v\u00e9lant des histoires et des initiatives singuli\u00e8res.Notre mission : construire une communaut\u00e9 globale &hellip;<\/p>\n","protected":false},"author":7,"featured_media":0,"parent":0,"menu_order":0,"comment_status":"closed","ping_status":"closed","template":"","meta":{"_acf_changed":false,"footnotes":""},"class_list":["post-11115","page","type-page","status-publish","hentry"],"acf":[],"_links":{"self":[{"href":"https:\/\/hemendik.eu\/fr\/wp-json\/wp\/v2\/pages\/11115","targetHints":{"allow":["GET"]}}],"collection":[{"href":"https:\/\/hemendik.eu\/fr\/wp-json\/wp\/v2\/pages"}],"about":[{"href":"https:\/\/hemendik.eu\/fr\/wp-json\/wp\/v2\/types\/page"}],"author":[{"embeddable":true,"href":"https:\/\/hemendik.eu\/fr\/wp-json\/wp\/v2\/users\/7"}],"replies":[{"embeddable":true,"href":"https:\/\/hemendik.eu\/fr\/wp-json\/wp\/v2\/comments?post=11115"}],"version-history":[{"count":2,"href":"https:\/\/hemendik.eu\/fr\/wp-json\/wp\/v2\/pages\/11115\/revisions"}],"predecessor-version":[{"id":11251,"href":"https:\/\/hemendik.eu\/fr\/wp-json\/wp\/v2\/pages\/11115\/revisions\/11251"}],"wp:attachment":[{"href":"https:\/\/hemendik.eu\/fr\/wp-json\/wp\/v2\/media?parent=11115"}],"curies":[{"name":"wp","href":"https:\/\/api.w.org\/{rel}","templated":true}]}}