{"id":11121,"date":"2025-04-09T12:08:05","date_gmt":"2025-04-09T10:08:05","guid":{"rendered":"https:\/\/hemendik.eu\/partenaires\/"},"modified":"2025-04-09T12:08:06","modified_gmt":"2025-04-09T10:08:06","slug":"partenaires","status":"publish","type":"page","link":"https:\/\/hemendik.eu\/fr\/partenaires\/","title":{"rendered":"Partenaires"},"content":{"rendered":"\t\t<div data-elementor-type=\"wp-page\" data-elementor-id=\"11121\" class=\"elementor elementor-11121 elementor-7226\" data-elementor-post-type=\"page\">\n\t\t\t\t<div class=\"elementor-element elementor-element-0b9d1b1 e-flex e-con-boxed e-con e-parent\" data-id=\"0b9d1b1\" data-element_type=\"container\">\n\t\t\t\t\t<div class=\"e-con-inner\">\n\t\t\t\t<div class=\"elementor-element elementor-element-9f36565 elementor-widget elementor-widget-text-editor\" data-id=\"9f36565\" data-element_type=\"widget\" data-widget_type=\"text-editor.default\">\n\t\t\t\t<div class=\"elementor-widget-container\">\n\t\t\t\t\t\t\t<h4 style=\"font-family: 'demibolddisplay' !important;\">Partenaires<\/h4>\n\t\t\t\t\t\t<\/div>\n\t\t\t\t<\/div>\n\t\t\t\t\t<\/div>\n\t\t\t\t<\/div>\n\t\t<div class=\"elementor-element elementor-element-3704714 colabo e-flex e-con-boxed e-con e-parent\" data-id=\"3704714\" data-element_type=\"container\">\n\t\t\t\t\t<div class=\"e-con-inner\">\n\t\t\t\t<div class=\"elementor-element elementor-element-7f5b23b elementor-widget elementor-widget-text-editor\" data-id=\"7f5b23b\" data-element_type=\"widget\" data-widget_type=\"text-editor.default\">\n\t\t\t\t<div class=\"elementor-widget-container\">\n\t\t\t\t\t\t\t<h1>L&rsquo;ASSOCIATION HEMENDIK<\/h1>\n<p><\/p>\n<p class=\"\" data-start=\"81\" data-end=\"276\">L\u2019association Hemendik est n\u00e9e avec la volont\u00e9 de valoriser la cr\u00e9ativit\u00e9 et l\u2019histoire de notre territoire \u00e0 travers le r\u00e9cit. C\u2019est un projet f\u00e9d\u00e9rateur qui explore la m\u00e9moire et l\u2019actualit\u00e9.<\/p>\n\t\t\t\t\t\t<\/div>\n\t\t\t\t<\/div>\n\t\t\t\t<div class=\"elementor-element elementor-element-d12713e elementor-widget elementor-widget-text-editor\" data-id=\"d12713e\" data-element_type=\"widget\" data-widget_type=\"text-editor.default\">\n\t\t\t\t<div class=\"elementor-widget-container\">\n\t\t\t\t\t\t\t<p><a href=\"http:\/\/www.hemendik.eu\" target=\"_blank\" rel=\"noopener\">www.hemendik.eu<\/a><\/p>\n\t\t\t\t\t\t<\/div>\n\t\t\t\t<\/div>\n\t\t\t\t\t<\/div>\n\t\t\t\t<\/div>\n\t\t<div class=\"elementor-element elementor-element-dc75328 e-con-full e-flex e-con e-parent\" data-id=\"dc75328\" data-element_type=\"container\">\n\t\t\t\t<div class=\"elementor-element elementor-element-8dec053 elementor-widget-divider--view-line elementor-widget elementor-widget-divider\" data-id=\"8dec053\" data-element_type=\"widget\" data-widget_type=\"divider.default\">\n\t\t\t\t<div class=\"elementor-widget-container\">\n\t\t\t\t\t<div class=\"elementor-divider\">\n\t\t\t<span class=\"elementor-divider-separator\">\n\t\t\t\t\t\t<\/span>\n\t\t<\/div>\n\t\t\t\t<\/div>\n\t\t\t\t<\/div>\n\t\t\t\t<\/div>\n\t\t<div class=\"elementor-element elementor-element-31de337 colabo e-flex e-con-boxed e-con e-parent\" data-id=\"31de337\" data-element_type=\"container\">\n\t\t\t\t\t<div class=\"e-con-inner\">\n\t\t\t\t<div class=\"elementor-element elementor-element-254b06d elementor-widget elementor-widget-text-editor\" data-id=\"254b06d\" data-element_type=\"widget\" data-widget_type=\"text-editor.default\">\n\t\t\t\t<div class=\"elementor-widget-container\">\n\t\t\t\t\t\t\t<h1>MITO<\/h1>\n<p><\/p>\n<p class=\"p1\">Mito est un studio bas\u00e9 \u00e0 Irura, sp\u00e9cialis\u00e9 dans le conseil en strat\u00e9gie de marque, de design et d\u2019image. Il est compos\u00e9 de cr\u00e9atifs issus de diff\u00e9rents domaines : strat\u00e9gie, graphisme, photographie, r\u00e9alisation vid\u00e9o, techniciens 3D, design web, stylisme\u2026<\/p>\n\t\t\t\t\t\t<\/div>\n\t\t\t\t<\/div>\n\t\t\t\t<div class=\"elementor-element elementor-element-6f5203d elementor-widget elementor-widget-text-editor\" data-id=\"6f5203d\" data-element_type=\"widget\" data-widget_type=\"text-editor.default\">\n\t\t\t\t<div class=\"elementor-widget-container\">\n\t\t\t\t\t\t\t<p><a href=\"http:\/\/www.mito.eus\" target=\"_blank\" rel=\"noopener\">www.mito.eus<\/a><\/p>\n\t\t\t\t\t\t<\/div>\n\t\t\t\t<\/div>\n\t\t\t\t\t<\/div>\n\t\t\t\t<\/div>\n\t\t<div class=\"elementor-element elementor-element-752585b e-con-full e-flex e-con e-parent\" data-id=\"752585b\" data-element_type=\"container\">\n\t\t\t\t<div class=\"elementor-element elementor-element-0fdf9d5 elementor-widget-divider--view-line elementor-widget elementor-widget-divider\" data-id=\"0fdf9d5\" data-element_type=\"widget\" data-widget_type=\"divider.default\">\n\t\t\t\t<div class=\"elementor-widget-container\">\n\t\t\t\t\t<div class=\"elementor-divider\">\n\t\t\t<span class=\"elementor-divider-separator\">\n\t\t\t\t\t\t<\/span>\n\t\t<\/div>\n\t\t\t\t<\/div>\n\t\t\t\t<\/div>\n\t\t\t\t<\/div>\n\t\t<div class=\"elementor-element elementor-element-0cb660b colabo e-flex e-con-boxed e-con e-parent\" data-id=\"0cb660b\" data-element_type=\"container\">\n\t\t\t\t\t<div class=\"e-con-inner\">\n\t\t\t\t<div class=\"elementor-element elementor-element-6235c65 elementor-widget elementor-widget-text-editor\" data-id=\"6235c65\" data-element_type=\"widget\" data-widget_type=\"text-editor.default\">\n\t\t\t\t<div class=\"elementor-widget-container\">\n\t\t\t\t\t\t\t<h1>IRATZOKI STUDIO<\/h1>\n<p>Le studio Iratzoki collabore avec des entreprises locales dans les domaines du design produit, de l\u2019am\u00e9nagement d\u2019espaces et de la direction artistique. Il est au c\u0153ur du projet Hemendik depuis ses d\u00e9buts.<\/p>\n\t\t\t\t\t\t<\/div>\n\t\t\t\t<\/div>\n\t\t\t\t<div class=\"elementor-element elementor-element-3750ce7 elementor-widget elementor-widget-text-editor\" data-id=\"3750ce7\" data-element_type=\"widget\" data-widget_type=\"text-editor.default\">\n\t\t\t\t<div class=\"elementor-widget-container\">\n\t\t\t\t\t\t\t<p><a href=\"#\" target=\"_blank\" rel=\"noopener\">www.iratzoki.studio<\/a><\/p>\n\t\t\t\t\t\t<\/div>\n\t\t\t\t<\/div>\n\t\t\t\t\t<\/div>\n\t\t\t\t<\/div>\n\t\t<div class=\"elementor-element elementor-element-46e2597 e-con-full e-flex e-con e-parent\" data-id=\"46e2597\" data-element_type=\"container\">\n\t\t\t\t<div class=\"elementor-element elementor-element-89b9b6a elementor-widget-divider--view-line elementor-widget elementor-widget-divider\" data-id=\"89b9b6a\" data-element_type=\"widget\" data-widget_type=\"divider.default\">\n\t\t\t\t<div class=\"elementor-widget-container\">\n\t\t\t\t\t<div class=\"elementor-divider\">\n\t\t\t<span class=\"elementor-divider-separator\">\n\t\t\t\t\t\t<\/span>\n\t\t<\/div>\n\t\t\t\t<\/div>\n\t\t\t\t<\/div>\n\t\t\t\t<\/div>\n\t\t<div class=\"elementor-element elementor-element-10712d9 colabo e-flex e-con-boxed e-con e-parent\" data-id=\"10712d9\" data-element_type=\"container\">\n\t\t\t\t\t<div class=\"e-con-inner\">\n\t\t\t\t<div class=\"elementor-element elementor-element-6758bc8 elementor-widget elementor-widget-text-editor\" data-id=\"6758bc8\" data-element_type=\"widget\" data-widget_type=\"text-editor.default\">\n\t\t\t\t<div class=\"elementor-widget-container\">\n\t\t\t\t\t\t\t<h1>IKER OKER<\/h1>\n<p>Iker Trevi\u00f1o est un professionnel ind\u00e9pendant sp\u00e9cialis\u00e9 dans la vid\u00e9o et le cin\u00e9ma.<br \/>Producteur et r\u00e9alisateur, il travaille entour\u00e9 de professionnel\u00b7le\u00b7s du secteur audiovisuel : son, image, interviews, montage\u2026<\/p>\n\t\t\t\t\t\t<\/div>\n\t\t\t\t<\/div>\n\t\t\t\t<div class=\"elementor-element elementor-element-f373df0 elementor-widget elementor-widget-text-editor\" data-id=\"f373df0\" data-element_type=\"widget\" data-widget_type=\"text-editor.default\">\n\t\t\t\t<div class=\"elementor-widget-container\">\n\t\t\t\t\t\t\t<p><a href=\"http:\/\/www.instagram.com\/_ikeroker_\/\" target=\"_blank\" rel=\"noopener\">www.instagram.com\/_ikeroker_\/<\/a><\/p>\n\t\t\t\t\t\t<\/div>\n\t\t\t\t<\/div>\n\t\t\t\t\t<\/div>\n\t\t\t\t<\/div>\n\t\t<div class=\"elementor-element elementor-element-0eaf1e8 e-con-full e-flex e-con e-parent\" data-id=\"0eaf1e8\" data-element_type=\"container\">\n\t\t\t\t<div class=\"elementor-element elementor-element-a47e9a4 elementor-widget-divider--view-line elementor-widget elementor-widget-divider\" data-id=\"a47e9a4\" data-element_type=\"widget\" data-widget_type=\"divider.default\">\n\t\t\t\t<div class=\"elementor-widget-container\">\n\t\t\t\t\t<div class=\"elementor-divider\">\n\t\t\t<span class=\"elementor-divider-separator\">\n\t\t\t\t\t\t<\/span>\n\t\t<\/div>\n\t\t\t\t<\/div>\n\t\t\t\t<\/div>\n\t\t\t\t<\/div>\n\t\t<div class=\"elementor-element elementor-element-963c24d colabo e-flex e-con-boxed e-con e-parent\" data-id=\"963c24d\" data-element_type=\"container\">\n\t\t\t\t\t<div class=\"e-con-inner\">\n\t\t\t\t<div class=\"elementor-element elementor-element-674dedc elementor-widget elementor-widget-text-editor\" data-id=\"674dedc\" data-element_type=\"widget\" data-widget_type=\"text-editor.default\">\n\t\t\t\t<div class=\"elementor-widget-container\">\n\t\t\t\t\t\t\t<h1>LABRIT<\/h1>\n<p><\/p>\n<p class=\"p1\">Labrit est une soci\u00e9t\u00e9 bas\u00e9e \u00e0 Pampelune, sp\u00e9cialis\u00e9e dans la valorisation du patrimoine immat\u00e9riel. Fond\u00e9e en 2008 par Gaizka Aranguren, elle se consacre \u00e0 la collecte, \u00e0 l\u2019analyse et \u00e0 la diffusion de donn\u00e9es li\u00e9es au patrimoine immat\u00e9riel et familial.<\/p>\n\t\t\t\t\t\t<\/div>\n\t\t\t\t<\/div>\n\t\t\t\t<div class=\"elementor-element elementor-element-5f73915 elementor-widget elementor-widget-text-editor\" data-id=\"5f73915\" data-element_type=\"widget\" data-widget_type=\"text-editor.default\">\n\t\t\t\t<div class=\"elementor-widget-container\">\n\t\t\t\t\t\t\t<p><a href=\"https:\/\/labrit.net\/\" target=\"_blank\" rel=\"noopener\">https:\/\/labrit.net\/<\/a><\/p>\n\t\t\t\t\t\t<\/div>\n\t\t\t\t<\/div>\n\t\t\t\t\t<\/div>\n\t\t\t\t<\/div>\n\t\t<div class=\"elementor-element elementor-element-92482af e-con-full e-flex e-con e-parent\" data-id=\"92482af\" data-element_type=\"container\">\n\t\t\t\t<div class=\"elementor-element elementor-element-0817765 elementor-widget-divider--view-line elementor-widget elementor-widget-divider\" data-id=\"0817765\" data-element_type=\"widget\" data-widget_type=\"divider.default\">\n\t\t\t\t<div class=\"elementor-widget-container\">\n\t\t\t\t\t<div class=\"elementor-divider\">\n\t\t\t<span class=\"elementor-divider-separator\">\n\t\t\t\t\t\t<\/span>\n\t\t<\/div>\n\t\t\t\t<\/div>\n\t\t\t\t<\/div>\n\t\t\t\t<\/div>\n\t\t<div class=\"elementor-element elementor-element-89c1dca colabo e-flex e-con-boxed e-con e-parent\" data-id=\"89c1dca\" data-element_type=\"container\">\n\t\t\t\t\t<div class=\"e-con-inner\">\n\t\t\t\t<div class=\"elementor-element elementor-element-f2ec4da elementor-widget elementor-widget-text-editor\" data-id=\"f2ec4da\" data-element_type=\"widget\" data-widget_type=\"text-editor.default\">\n\t\t\t\t<div class=\"elementor-widget-container\">\n\t\t\t\t\t\t\t<h1>NAHIA ZUBELDIA<\/h1>\n<p>Nahia Zubeldia travaille avec nous depuis la cr\u00e9ation de l\u2019association, en tant que r\u00e9dactrice et traductrice. Elle a collabor\u00e9 aussi bien \u00e0 l\u2019\u00e9laboration du livre qu\u2019\u00e0 cette nouvelle plateforme.<\/p>\n\t\t\t\t\t\t<\/div>\n\t\t\t\t<\/div>\n\t\t\t\t<div class=\"elementor-element elementor-element-ac64d7a elementor-widget elementor-widget-text-editor\" data-id=\"ac64d7a\" data-element_type=\"widget\" data-widget_type=\"text-editor.default\">\n\t\t\t\t<div class=\"elementor-widget-container\">\n\t\t\t\t\t\t\t<p><a href=\"http:\/\/www.instagram.com\/nahiazubeldia\/\" target=\"_blank\" rel=\"noopener\">www.instagram.com\/nahiazubeldia\/<\/a><\/p>\n\t\t\t\t\t\t<\/div>\n\t\t\t\t<\/div>\n\t\t\t\t\t<\/div>\n\t\t\t\t<\/div>\n\t\t<div class=\"elementor-element elementor-element-e4452a6 e-con-full e-flex e-con e-parent\" data-id=\"e4452a6\" data-element_type=\"container\">\n\t\t\t\t<div class=\"elementor-element elementor-element-7ff4d23 elementor-widget-divider--view-line elementor-widget elementor-widget-divider\" data-id=\"7ff4d23\" data-element_type=\"widget\" data-widget_type=\"divider.default\">\n\t\t\t\t<div class=\"elementor-widget-container\">\n\t\t\t\t\t<div class=\"elementor-divider\">\n\t\t\t<span class=\"elementor-divider-separator\">\n\t\t\t\t\t\t<\/span>\n\t\t<\/div>\n\t\t\t\t<\/div>\n\t\t\t\t<\/div>\n\t\t\t\t<\/div>\n\t\t<div class=\"elementor-element elementor-element-f71fcff colabo e-flex e-con-boxed e-con e-parent\" data-id=\"f71fcff\" data-element_type=\"container\">\n\t\t\t\t\t<div class=\"e-con-inner\">\n\t\t\t\t<div class=\"elementor-element elementor-element-d3f267b elementor-widget elementor-widget-text-editor\" data-id=\"d3f267b\" data-element_type=\"widget\" data-widget_type=\"text-editor.default\">\n\t\t\t\t<div class=\"elementor-widget-container\">\n\t\t\t\t\t\t\t<h1>HOLMES TRANSLATION<\/h1>\n<p>Mrs Holmes collabore avec nous sur les traductions en anglais.<\/p>\n\t\t\t\t\t\t<\/div>\n\t\t\t\t<\/div>\n\t\t\t\t\t<\/div>\n\t\t\t\t<\/div>\n\t\t\t\t<\/div>\n\t\t","protected":false},"excerpt":{"rendered":"<p>Partenaires L&rsquo;ASSOCIATION HEMENDIK L\u2019association Hemendik est n\u00e9e avec la volont\u00e9 de valoriser la cr\u00e9ativit\u00e9 et l\u2019histoire de notre territoire \u00e0 travers le r\u00e9cit. C\u2019est un projet f\u00e9d\u00e9rateur qui explore la m\u00e9moire et l\u2019actualit\u00e9. www.hemendik.eu MITO Mito est un studio bas\u00e9 \u00e0 Irura, sp\u00e9cialis\u00e9 dans le conseil en strat\u00e9gie de marque, de design et d\u2019image. Il &hellip;<\/p>\n","protected":false},"author":7,"featured_media":0,"parent":0,"menu_order":0,"comment_status":"closed","ping_status":"closed","template":"","meta":{"_acf_changed":false,"footnotes":""},"class_list":["post-11121","page","type-page","status-publish","hentry"],"acf":[],"_links":{"self":[{"href":"https:\/\/hemendik.eu\/fr\/wp-json\/wp\/v2\/pages\/11121","targetHints":{"allow":["GET"]}}],"collection":[{"href":"https:\/\/hemendik.eu\/fr\/wp-json\/wp\/v2\/pages"}],"about":[{"href":"https:\/\/hemendik.eu\/fr\/wp-json\/wp\/v2\/types\/page"}],"author":[{"embeddable":true,"href":"https:\/\/hemendik.eu\/fr\/wp-json\/wp\/v2\/users\/7"}],"replies":[{"embeddable":true,"href":"https:\/\/hemendik.eu\/fr\/wp-json\/wp\/v2\/comments?post=11121"}],"version-history":[{"count":1,"href":"https:\/\/hemendik.eu\/fr\/wp-json\/wp\/v2\/pages\/11121\/revisions"}],"predecessor-version":[{"id":11122,"href":"https:\/\/hemendik.eu\/fr\/wp-json\/wp\/v2\/pages\/11121\/revisions\/11122"}],"wp:attachment":[{"href":"https:\/\/hemendik.eu\/fr\/wp-json\/wp\/v2\/media?parent=11121"}],"curies":[{"name":"wp","href":"https:\/\/api.w.org\/{rel}","templated":true}]}}