{"id":3974,"date":"2020-10-20T11:41:45","date_gmt":"2020-10-20T09:41:45","guid":{"rendered":"https:\/\/hemendik.eu\/?page_id=3974"},"modified":"2020-11-03T09:58:24","modified_gmt":"2020-11-03T08:58:24","slug":"hemendik","status":"publish","type":"page","link":"https:\/\/hemendik.eu\/fr\/hemendik\/","title":{"rendered":"Hemendik"},"content":{"rendered":"<p>[vc_row full_width=\u00a0\u00bbstretch_row_content_no_spaces\u00a0\u00bb full_height=\u00a0\u00bbyes\u00a0\u00bb columns_placement=\u00a0\u00bbbottom\u00a0\u00bb][vc_column][rev_slider slidertitle=\u00a0\u00bbSlider 1&Prime; alias=\u00a0\u00bbslider-1&Prime;][\/vc_column][\/vc_row][vc_row full_width=\u00a0\u00bbstretch_row_content\u00a0\u00bb full_height=\u00a0\u00bbyes\u00a0\u00bb content_placement=\u00a0\u00bbmiddle\u00a0\u00bb][vc_column][vc_single_image image=\u00a0\u00bb3682&Prime; img_size=\u00a0\u00bb130&#215;130&Prime; alignment=\u00a0\u00bbcenter\u00a0\u00bb el_class=\u00a0\u00bbicono_hemendik\u00a0\u00bb][vc_empty_space height=\u00a0\u00bb1px\u00a0\u00bb el_class=\u00a0\u00bbmargen_cincuenta\u00a0\u00bb][vc_column_text el_class=\u00a0\u00bbinbox_mini\u00a0\u00bb]<\/p>\n<h3 style=\"text-align: center;\">Hemendik a \u00e9t\u00e9 cr\u00e9\u00e9 pour valoriser la cr\u00e9ativit\u00e9 et l&rsquo;histoire de notre pays au travers de r\u00e9cits. C&rsquo;est un projet rassembleur qui entrelace m\u00e9moire et actualit\u00e9. Partant du pass\u00e9, l&rsquo;objectif est de comprendre le pr\u00e9sent et d&rsquo;inspirer l&rsquo;avenir : nous voulons collecter la m\u00e9moire et la partager, afin qu\u2019elle appartienne \u00e0 tout le monde. Nous sommes particuli\u00e8rement int\u00e9ress\u00e9s par les processus de cr\u00e9ation, qui permettent de mieux s\u2019adapter aux situations nouvelles. Nous voulons construire des ponts entre l&rsquo;industrie, la culture et la soci\u00e9t\u00e9.<\/h3>\n<p>[\/vc_column_text][vc_empty_space height=\u00a0\u00bb1px\u00a0\u00bb el_class=\u00a0\u00bbmargen_cien\u00a0\u00bb][\/vc_column][\/vc_row][vc_row content_placement=\u00a0\u00bbmiddle\u00a0\u00bb][vc_column][vc_separator][\/vc_column][\/vc_row][vc_row full_width=\u00a0\u00bbstretch_row_content\u00a0\u00bb full_height=\u00a0\u00bbyes\u00a0\u00bb equal_height=\u00a0\u00bbyes\u00a0\u00bb content_placement=\u00a0\u00bbmiddle\u00a0\u00bb el_id=\u00a0\u00bblibro_comprar\u00a0\u00bb][vc_column width=\u00a0\u00bb1\/2&Prime;][vc_single_image image=\u00a0\u00bb3893&Prime; img_size=\u00a0\u00bbfull\u00a0\u00bb alignment=\u00a0\u00bbcenter\u00a0\u00bb][\/vc_column][vc_column width=\u00a0\u00bb1\/2&Prime; css=\u00a0\u00bb.vc_custom_1604315503436{padding-right: 0px !important;padding-left: 0px !important;}\u00a0\u00bb][vc_column_text]<\/p>\n<h3 style=\"text-align: center;\">L\u2019histoire de 50 objets iconiques<br \/>\ndu Pays Basque<\/h3>\n<p>[\/vc_column_text][vc_column_text el_class=\u00a0\u00bbinbox_450&Prime;]<\/p>\n<p style=\"text-align: center;\">L\u2019histoire d\u2019un objet permet de croiser divers contextes, qu\u2019ils soient g\u00e9ographique, historique, politique ou social. A\u0300 travers cette s\u00e9lection de 50 objets, nous r\u00e9v\u00e9lons de nombreuses facettes d\u2019un pays qui, scinde\u0301 en diff\u00e9rentes entit\u00e9s, manque de m\u00e9moire collective. De tous temps, pour concevoir un objet il a fallu faire, refaire, regarder, innover, reprendre, am\u00e9liorer, s\u2019adapter, inventer, se risquer. C\u2019est ce long chemin, ce processus cr\u00e9atif, qui nous int\u00e9resse particuli\u00e8rement ici.<\/p>\n<p>[\/vc_column_text][vc_empty_space][ult_buttons btn_title=\u00a0\u00bbACHETER\u00a0\u00bb btn_link=\u00a0\u00bburl:https%3A%2F%2Fhemendik.eu%2Ffr%2Fboutique-2%2F|title:Tienda\u00a0\u00bb btn_align=\u00a0\u00bbubtn-center\u00a0\u00bb btn_title_color=\u00a0\u00bb#ffffff\u00a0\u00bb btn_bg_color=\u00a0\u00bb#0a0a0a\u00a0\u00bb icon_size=\u00a0\u00bb32&Prime; btn_icon_pos=\u00a0\u00bbubtn-sep-icon-at-left\u00a0\u00bb el_class=\u00a0\u00bbboton_tienda\u00a0\u00bb][\/vc_column][\/vc_row][vc_row full_width=\u00a0\u00bbstretch_row_content_no_spaces\u00a0\u00bb css=\u00a0\u00bb.vc_custom_1604392922826{margin-bottom: 0px !important;}\u00a0\u00bb el_class=\u00a0\u00bbno_movil\u00a0\u00bb][vc_column css=\u00a0\u00bb.vc_custom_1600071451858{margin-bottom: 0px !important;padding-top: 0px !important;padding-bottom: 0px !important;}\u00a0\u00bb][slider hide_arrows=\u00a0\u00bbtrue\u00a0\u00bb][image_slide bg_image=\u00a0\u00bb3861&Prime; text_align=\u00a0\u00bbcenter\u00a0\u00bb][image_slide bg_image=\u00a0\u00bb3866&Prime; text_align=\u00a0\u00bbleft\u00a0\u00bb][image_slide bg_image=\u00a0\u00bb3871&Prime; text_align=\u00a0\u00bbleft\u00a0\u00bb][image_slide bg_image=\u00a0\u00bb3875&Prime; text_align=\u00a0\u00bbleft\u00a0\u00bb][\/slider][\/vc_column][\/vc_row][vc_row full_width=\u00a0\u00bbstretch_row_content_no_spaces\u00a0\u00bb css=\u00a0\u00bb.vc_custom_1604392930322{margin-bottom: 0px !important;}\u00a0\u00bb el_class=\u00a0\u00bbno_ordenador\u00a0\u00bb][vc_column css=\u00a0\u00bb.vc_custom_1600071451858{margin-bottom: 0px !important;padding-top: 0px !important;padding-bottom: 0px !important;}\u00a0\u00bb][slider hide_arrows=\u00a0\u00bbtrue\u00a0\u00bb][image_slide bg_image=\u00a0\u00bb4225&Prime; text_align=\u00a0\u00bbcenter\u00a0\u00bb][image_slide bg_image=\u00a0\u00bb4229&Prime; text_align=\u00a0\u00bbleft\u00a0\u00bb][image_slide bg_image=\u00a0\u00bb4233&Prime; text_align=\u00a0\u00bbleft\u00a0\u00bb][image_slide bg_image=\u00a0\u00bb4241&Prime; text_align=\u00a0\u00bbleft\u00a0\u00bb][\/slider][\/vc_column][\/vc_row][vc_row full_width=\u00a0\u00bbstretch_row_content\u00a0\u00bb equal_height=\u00a0\u00bbyes\u00a0\u00bb content_placement=\u00a0\u00bbmiddle\u00a0\u00bb el_class=\u00a0\u00bbinbox_dos\u00a0\u00bb][vc_column][vc_empty_space height=\u00a0\u00bb1px\u00a0\u00bb el_class=\u00a0\u00bbmargen_cien\u00a0\u00bb][vc_empty_space height=\u00a0\u00bb1px\u00a0\u00bb el_class=\u00a0\u00bbmargen_cien no_movil\u00a0\u00bb][ultimate_video video_type=\u00a0\u00bbvimeo_video\u00a0\u00bb vimeo_video_url=\u00a0\u00bbhttps:\/\/vimeo.com\/468503846&Prime; vimeo_autoplay=\u00a0\u00bbon\u00a0\u00bb vimeo_loop=\u00a0\u00bb\u00a0\u00bb vimeo_intro_title=\u00a0\u00bb\u00a0\u00bb vimeo_intro_portrait=\u00a0\u00bb\u00a0\u00bb vimeo_intro_byline=\u00a0\u00bb\u00a0\u00bb play_size=\u00a0\u00bb75&Prime; css_video_design=\u00a0\u00bb.vc_custom_1602760226124{margin-right: 0px !important;margin-left: 0px !important;padding-right: 0px !important;padding-left: 0px !important;}\u00a0\u00bb][vc_empty_space][vc_row_inner][vc_column_inner width=\u00a0\u00bb7\/12&Prime;][vc_column_text]Plusieurs approches sont possibles pour appr\u00e9hender un pays : son histoire, ses paysages, ses habitants, sa culture, ses langues, ses exp\u00e9riences&#8230; Avec \u00ab Hemendik \u00bb, c\u2019est au travers des objets que nous avons souhait\u00e9\u0301 aborder la richesse et la diversit\u00e9\u0301 du Pays basque. Le livre est disponible en trois versions : Basque\/Fran\u00e7ais, Basque\/Espagnol, Basque\/Anglais.[\/vc_column_text][\/vc_column_inner][vc_column_inner width=\u00a0\u00bb5\/12&Prime;][\/vc_column_inner][\/vc_row_inner][vc_empty_space height=\u00a0\u00bb1px\u00a0\u00bb el_class=\u00a0\u00bbmargen_cien\u00a0\u00bb][\/vc_column][\/vc_row][vc_row full_width=\u00a0\u00bbstretch_row_content\u00a0\u00bb equal_height=\u00a0\u00bbyes\u00a0\u00bb content_placement=\u00a0\u00bbmiddle\u00a0\u00bb el_class=\u00a0\u00bbinbox_dos\u00a0\u00bb][vc_column][vc_empty_space height=\u00a0\u00bb1px\u00a0\u00bb el_class=\u00a0\u00bbmargen_cien no_movil\u00a0\u00bb][vc_single_image image=\u00a0\u00bb4066&Prime; img_size=\u00a0\u00bbfull\u00a0\u00bb alignment=\u00a0\u00bbcenter\u00a0\u00bb el_class=\u00a0\u00bbno_movil\u00a0\u00bb][vc_single_image image=\u00a0\u00bb4254&Prime; img_size=\u00a0\u00bbfull\u00a0\u00bb alignment=\u00a0\u00bbcenter\u00a0\u00bb el_class=\u00a0\u00bbno_ordenador\u00a0\u00bb][vc_empty_space][vc_single_image image=\u00a0\u00bb4070&Prime; img_size=\u00a0\u00bbfull\u00a0\u00bb alignment=\u00a0\u00bbcenter\u00a0\u00bb el_class=\u00a0\u00bbno_movil\u00a0\u00bb][vc_single_image image=\u00a0\u00bb4259&Prime; img_size=\u00a0\u00bbfull\u00a0\u00bb alignment=\u00a0\u00bbcenter\u00a0\u00bb el_class=\u00a0\u00bbno_ordenador\u00a0\u00bb][vc_empty_space height=\u00a0\u00bb1px\u00a0\u00bb el_class=\u00a0\u00bbmargen_cien\u00a0\u00bb][vc_empty_space height=\u00a0\u00bb1px\u00a0\u00bb el_class=\u00a0\u00bbmargen_cien no_movil\u00a0\u00bb][vc_row_inner][vc_column_inner width=\u00a0\u00bb1\/2&Prime;][vc_single_image image=\u00a0\u00bb4054&Prime; img_size=\u00a0\u00bbfull\u00a0\u00bb][\/vc_column_inner][vc_column_inner width=\u00a0\u00bb1\/2&Prime;][vc_column_text el_class=\u00a0\u00bbinbox_mini_dos\u00a0\u00bb]La production industrielle et artisanale est peu consid\u00e9r\u00e9e, sa valeur culturelle et patrimoniale trop souvent sous-estim\u00e9e. Or, l\u2019histoire d\u2019un objet permet de croiser divers contextes, qu\u2019ils soient g\u00e9ographique, historique, politique ou social.[\/vc_column_text][\/vc_column_inner][\/vc_row_inner][vc_empty_space height=\u00a0\u00bb1px\u00a0\u00bb el_class=\u00a0\u00bbmargen_cien\u00a0\u00bb][vc_single_image image=\u00a0\u00bb4074&Prime; img_size=\u00a0\u00bbfull\u00a0\u00bb alignment=\u00a0\u00bbcenter\u00a0\u00bb el_class=\u00a0\u00bbno_movil\u00a0\u00bb][vc_single_image image=\u00a0\u00bb4263&Prime; img_size=\u00a0\u00bbfull\u00a0\u00bb alignment=\u00a0\u00bbcenter\u00a0\u00bb el_class=\u00a0\u00bbno_ordenador\u00a0\u00bb][vc_empty_space][vc_single_image image=\u00a0\u00bb4078&Prime; img_size=\u00a0\u00bbfull\u00a0\u00bb alignment=\u00a0\u00bbcenter\u00a0\u00bb el_class=\u00a0\u00bbno_movil\u00a0\u00bb][vc_single_image image=\u00a0\u00bb4267&Prime; img_size=\u00a0\u00bbfull\u00a0\u00bb alignment=\u00a0\u00bbcenter\u00a0\u00bb el_class=\u00a0\u00bbno_ordenador\u00a0\u00bb][vc_row_inner][vc_column_inner width=\u00a0\u00bb5\/12&Prime;][vc_column_text]<\/p>\n<p class=\"inbox_450\">Nous avons fait le choix de ne tenir compte ni de la chronologie ni de la typologie des objets. A l\u2019image de l\u2019histoire de ce pays, cette m\u00e9moire mat\u00e9rielle et immat\u00e9rielle ne peut \u00eatre racont\u00e9e que dans un montage \u00e9clat\u00e9\u0301, dans une structure ouverte, ouverte vers son avenir.<\/p>\n<p>[\/vc_column_text][\/vc_column_inner][vc_column_inner width=\u00a0\u00bb7\/12&Prime;][\/vc_column_inner][\/vc_row_inner][vc_empty_space height=\u00a0\u00bb50px\u00a0\u00bb][ult_buttons btn_title=\u00a0\u00bbACHETER\u00a0\u00bb btn_link=\u00a0\u00bburl:https%3A%2F%2Fhemendik.eu%2Ffr%2Fboutique-2%2F|title:Tienda\u00a0\u00bb btn_align=\u00a0\u00bbubtn-center\u00a0\u00bb btn_title_color=\u00a0\u00bb#ffffff\u00a0\u00bb btn_bg_color=\u00a0\u00bb#0a0a0a\u00a0\u00bb icon_size=\u00a0\u00bb32&Prime; btn_icon_pos=\u00a0\u00bbubtn-sep-icon-at-left\u00a0\u00bb el_class=\u00a0\u00bbboton_tienda\u00a0\u00bb][\/vc_column][\/vc_row][vc_row][vc_column][vc_empty_space height=\u00a0\u00bb1px\u00a0\u00bb el_class=\u00a0\u00bbmargen_cientoveinte\u00a0\u00bb][vc_separator css=\u00a0\u00bb.vc_custom_1604049705090{margin-top: 0px !important;margin-bottom: 0px !important;padding-top: 0px !important;padding-bottom: 0px !important;}\u00a0\u00bb][vc_empty_space height=\u00a0\u00bb1px\u00a0\u00bb el_class=\u00a0\u00bbmargen_cien no_ordenador\u00a0\u00bb][\/vc_column][\/vc_row][vc_row full_width=\u00a0\u00bbstretch_row_content\u00a0\u00bb equal_height=\u00a0\u00bbyes\u00a0\u00bb content_placement=\u00a0\u00bbmiddle\u00a0\u00bb el_id=\u00a0\u00bbproductos_shop\u00a0\u00bb][vc_column width=\u00a0\u00bb1\/2&Prime;][vc_column_text]<\/p>\n<h3 style=\"text-align: center;\">Le sac Hemendik<\/h3>\n<p>[\/vc_column_text][vc_column_text]<\/p>\n<p class=\"inbox_450\">Bords haut avec double pli pour plus de solidit\u00e9 et de qualit\u00e9 de finition. Longues poign\u00e9es avec renfort en croix. Coutures en bas du sac pour apporter du volume. 80% coton recycl\u00e9, 20% polyester recycl\u00e9. Mesures: 37 x 43 cm.<\/p>\n<p>[\/vc_column_text][ult_buttons btn_title=\u00a0\u00bbACHETER\u00a0\u00bb btn_link=\u00a0\u00bburl:https%3A%2F%2Fhemendik.eu%2Ffr%2Fboutique-2%2F|title:Tienda\u00a0\u00bb btn_align=\u00a0\u00bbubtn-center\u00a0\u00bb btn_title_color=\u00a0\u00bb#ffffff\u00a0\u00bb btn_bg_color=\u00a0\u00bb#0a0a0a\u00a0\u00bb icon_size=\u00a0\u00bb32&Prime; btn_icon_pos=\u00a0\u00bbubtn-sep-icon-at-left\u00a0\u00bb el_class=\u00a0\u00bbboton_tienda\u00a0\u00bb][\/vc_column][vc_column width=\u00a0\u00bb1\/2&Prime; css=\u00a0\u00bb.vc_custom_1604049736373{margin-top: 0px !important;margin-right: 0px !important;margin-bottom: 0px !important;margin-left: 0px !important;padding-top: 0px !important;padding-right: 0px !important;padding-bottom: 0px !important;padding-left: 0px !important;}\u00a0\u00bb][vc_single_image image=\u00a0\u00bb4031&Prime; img_size=\u00a0\u00bbfull\u00a0\u00bb alignment=\u00a0\u00bbright\u00a0\u00bb css=\u00a0\u00bb.vc_custom_1604049722190{margin-top: 0px !important;margin-right: 0px !important;margin-bottom: 0px !important;padding-top: 0px !important;padding-right: 0px !important;padding-bottom: 0px !important;}\u00a0\u00bb][\/vc_column][\/vc_row][vc_row css=\u00a0\u00bb.vc_custom_1602670777143{background-color: #e2e2e2 !important;}\u00a0\u00bb][vc_column][vc_empty_space height=\u00a0\u00bb1px\u00a0\u00bb el_class=\u00a0\u00bbmargen_cientoveinte\u00a0\u00bb][vc_empty_space height=\u00a0\u00bb1px\u00a0\u00bb el_class=\u00a0\u00bbmargen_cien no_movil\u00a0\u00bb][vc_column_text]<\/p>\n<h2 style=\"text-align: center; margin-bottom: 30px;\">INSCRIVEZ-VOUS \u00c0 LA<br \/>\nNEWSLETTER HEMENDIK<\/h2>\n<p style=\"text-align: center;\">Recevez les derni\u00e8res offres et actualit\u00e9s en exclusivit\u00e9<\/p>\n<p>[\/vc_column_text][vc_empty_space][vc_row_inner el_class=\u00a0\u00bbinbox_form\u00a0\u00bb][vc_column_inner]\n<div class=\"wpcf7 no-js\" id=\"wpcf7-f4013-o1\" lang=\"es-ES\" dir=\"ltr\" data-wpcf7-id=\"4013\">\n<div class=\"screen-reader-response\"><p role=\"status\" aria-live=\"polite\" aria-atomic=\"true\"><\/p> <ul><\/ul><\/div>\n<form action=\"\/fr\/wp-json\/wp\/v2\/pages\/3974#wpcf7-f4013-o1\" method=\"post\" class=\"wpcf7-form init\" aria-label=\"Formulario de contacto\" novalidate=\"novalidate\" data-status=\"init\">\n<fieldset class=\"hidden-fields-container\"><input type=\"hidden\" name=\"_wpcf7\" value=\"4013\" \/><input type=\"hidden\" name=\"_wpcf7_version\" value=\"6.1.5\" \/><input type=\"hidden\" name=\"_wpcf7_locale\" value=\"es_ES\" \/><input type=\"hidden\" name=\"_wpcf7_unit_tag\" value=\"wpcf7-f4013-o1\" \/><input type=\"hidden\" name=\"_wpcf7_container_post\" value=\"0\" \/><input type=\"hidden\" name=\"_wpcf7_posted_data_hash\" value=\"\" \/>\n<\/fieldset>\n<div class=\"row\" style=\"margin-bottom:3%;text-align:center;\">\n\t<div class=\"col-md-12\">\n\t\t<p><span class=\"wpcf7-form-control-wrap\" data-name=\"email-151\"><input size=\"40\" maxlength=\"400\" class=\"wpcf7-form-control wpcf7-email wpcf7-validates-as-required wpcf7-text wpcf7-validates-as-email ancho_form\" aria-required=\"true\" aria-invalid=\"false\" placeholder=\"Adresse email\" value=\"\" type=\"email\" name=\"email-151\" \/><\/span><br \/>\n<input class=\"wpcf7-form-control wpcf7-submit has-spinner boton-enviar\" type=\"submit\" value=\"S&#039;inscrire\" \/>\n\t\t<\/p>\n\t<\/div>\n<\/div><div class=\"wpcf7-response-output\" aria-hidden=\"true\"><\/div>\n<\/form>\n<\/div>\n[\/vc_column_inner][\/vc_row_inner][vc_empty_space height=\u00a0\u00bb1px\u00a0\u00bb el_class=\u00a0\u00bbmargen_cientoveinte\u00a0\u00bb][vc_empty_space height=\u00a0\u00bb1px\u00a0\u00bb el_class=\u00a0\u00bbmargen_cien no_movil\u00a0\u00bb][\/vc_column][\/vc_row]<\/p>\n","protected":false},"excerpt":{"rendered":"<p>[vc_row full_width=\u00a0\u00bbstretch_row_content_no_spaces\u00a0\u00bb full_height=\u00a0\u00bbyes\u00a0\u00bb columns_placement=\u00a0\u00bbbottom\u00a0\u00bb][vc_column][rev_slider slidertitle=\u00a0\u00bbSlider 1&Prime; alias=\u00a0\u00bbslider-1&Prime;][\/vc_column][\/vc_row][vc_row full_width=\u00a0\u00bbstretch_row_content\u00a0\u00bb full_height=\u00a0\u00bbyes\u00a0\u00bb content_placement=\u00a0\u00bbmiddle\u00a0\u00bb][vc_column][vc_single_image image=\u00a0\u00bb3682&Prime; img_size=\u00a0\u00bb130&#215;130&Prime; alignment=\u00a0\u00bbcenter\u00a0\u00bb el_class=\u00a0\u00bbicono_hemendik\u00a0\u00bb][vc_empty_space height=\u00a0\u00bb1px\u00a0\u00bb el_class=\u00a0\u00bbmargen_cincuenta\u00a0\u00bb][vc_column_text el_class=\u00a0\u00bbinbox_mini\u00a0\u00bb] Hemendik a \u00e9t\u00e9 cr\u00e9\u00e9 pour valoriser la cr\u00e9ativit\u00e9 et l&rsquo;histoire de notre pays au travers de r\u00e9cits. C&rsquo;est un projet rassembleur qui entrelace m\u00e9moire et actualit\u00e9. Partant du pass\u00e9, l&rsquo;objectif est de comprendre le pr\u00e9sent et d&rsquo;inspirer l&rsquo;avenir &hellip;<\/p>\n","protected":false},"author":3,"featured_media":0,"parent":0,"menu_order":0,"comment_status":"closed","ping_status":"closed","template":"page-full-width.php","meta":{"_acf_changed":false,"footnotes":""},"class_list":["post-3974","page","type-page","status-publish","hentry"],"acf":[],"_links":{"self":[{"href":"https:\/\/hemendik.eu\/fr\/wp-json\/wp\/v2\/pages\/3974","targetHints":{"allow":["GET"]}}],"collection":[{"href":"https:\/\/hemendik.eu\/fr\/wp-json\/wp\/v2\/pages"}],"about":[{"href":"https:\/\/hemendik.eu\/fr\/wp-json\/wp\/v2\/types\/page"}],"author":[{"embeddable":true,"href":"https:\/\/hemendik.eu\/fr\/wp-json\/wp\/v2\/users\/3"}],"replies":[{"embeddable":true,"href":"https:\/\/hemendik.eu\/fr\/wp-json\/wp\/v2\/comments?post=3974"}],"version-history":[{"count":23,"href":"https:\/\/hemendik.eu\/fr\/wp-json\/wp\/v2\/pages\/3974\/revisions"}],"predecessor-version":[{"id":4277,"href":"https:\/\/hemendik.eu\/fr\/wp-json\/wp\/v2\/pages\/3974\/revisions\/4277"}],"wp:attachment":[{"href":"https:\/\/hemendik.eu\/fr\/wp-json\/wp\/v2\/media?parent=3974"}],"curies":[{"name":"wp","href":"https:\/\/api.w.org\/{rel}","templated":true}]}}