{"id":9537,"date":"2024-11-26T08:49:46","date_gmt":"2024-11-26T07:49:46","guid":{"rendered":"https:\/\/hemendik.eu\/denda-2\/"},"modified":"2025-03-26T10:24:01","modified_gmt":"2025-03-26T09:24:01","slug":"denda-2","status":"publish","type":"page","link":"https:\/\/hemendik.eu\/fr\/denda-2\/","title":{"rendered":"Boutique"},"content":{"rendered":"\t\t<div data-elementor-type=\"wp-page\" data-elementor-id=\"9537\" class=\"elementor elementor-9537 elementor-6936\" data-elementor-post-type=\"page\">\n\t\t\t\t<div class=\"elementor-element elementor-element-ec5e687 e-con-full e-flex e-con e-parent\" data-id=\"ec5e687\" data-element_type=\"container\">\n\t\t\t\t<div class=\"elementor-element elementor-element-d6f8243 elementor-widget elementor-widget-text-editor\" data-id=\"d6f8243\" data-element_type=\"widget\" data-widget_type=\"text-editor.default\">\n\t\t\t\t<div class=\"elementor-widget-container\">\n\t\t\t\t\t\t\t<h1>Hemendik Shop<\/h1>\n\t\t\t\t\t\t<\/div>\n\t\t\t\t<\/div>\n\t\t\t\t<\/div>\n\t\t<div class=\"elementor-element elementor-element-9ad7012 e-flex e-con-boxed e-con e-parent\" data-id=\"9ad7012\" data-element_type=\"container\">\n\t\t\t\t\t<div class=\"e-con-inner\">\n\t\t\t\t<div class=\"elementor-element elementor-element-f4ce243 elementor-grid-3 elementor-widget__width-inherit elementor-grid-tablet-3 elementor-grid-mobile-2 elementor-products-grid elementor-wc-products elementor-show-pagination-border-yes elementor-widget elementor-widget-woocommerce-products\" data-id=\"f4ce243\" data-element_type=\"widget\" data-widget_type=\"woocommerce-products.default\">\n\t\t\t\t<div class=\"elementor-widget-container\">\n\t\t\t<div class=\"woocommerce columns-3 \"><div class=\"woocommerce-notices-wrapper\"><\/div><ul class=\"products elementor-grid columns-3\">\n<li class=\"product type-product post-11600 status-publish first instock product_cat-uncategorized-fr has-post-thumbnail shipping-taxable purchasable product-type-simple\">\n\t<a href=\"https:\/\/hemendik.eu\/fr\/produit\/uhin-taburetea\/\" class=\"woocommerce-LoopProduct-link woocommerce-loop-product__link\"><img fetchpriority=\"high\" decoding=\"async\" width=\"1200\" height=\"1200\" src=\"https:\/\/hemendik.eu\/wp-content\/uploads\/2025\/06\/Hemendik-uhin-taburetea-alki-01.jpg\" class=\"attachment-full size-full\" alt=\"\" srcset=\"https:\/\/hemendik.eu\/wp-content\/uploads\/2025\/06\/Hemendik-uhin-taburetea-alki-01.jpg 1200w, https:\/\/hemendik.eu\/wp-content\/uploads\/2025\/06\/Hemendik-uhin-taburetea-alki-01-300x300.jpg 300w, https:\/\/hemendik.eu\/wp-content\/uploads\/2025\/06\/Hemendik-uhin-taburetea-alki-01-1024x1024.jpg 1024w, https:\/\/hemendik.eu\/wp-content\/uploads\/2025\/06\/Hemendik-uhin-taburetea-alki-01-150x150.jpg 150w, https:\/\/hemendik.eu\/wp-content\/uploads\/2025\/06\/Hemendik-uhin-taburetea-alki-01-768x768.jpg 768w, https:\/\/hemendik.eu\/wp-content\/uploads\/2025\/06\/Hemendik-uhin-taburetea-alki-01-920x920.jpg 920w, https:\/\/hemendik.eu\/wp-content\/uploads\/2025\/06\/Hemendik-uhin-taburetea-alki-01-100x100.jpg 100w\" sizes=\"(max-width: 1200px) 100vw, 1200px\" \/><h2 class=\"woocommerce-loop-product__title\">Tabouret Uhin<\/h2>\n\t<span class=\"price\"><span class=\"woocommerce-Price-amount amount\"><bdi>295,00<span class=\"woocommerce-Price-currencySymbol\">&euro;<\/span><\/bdi><\/span><\/span>\n<\/a><a href=\"?add-to-cart=11600\" aria-describedby=\"woocommerce_loop_add_to_cart_link_describedby_11600\" data-quantity=\"1\" class=\"button product_type_simple add_to_cart_button ajax_add_to_cart\" data-product_id=\"11600\" data-product_sku=\"\" aria-label=\"Ajouter au panier\u00a0: &ldquo;Tabouret Uhin&rdquo;\" rel=\"nofollow\" data-success_message=\"\u00ab\u00a0Tabouret Uhin\u00a0\u00bb a \u00e9t\u00e9 ajout\u00e9 \u00e0 votre panier\">Ajouter au panier<\/a>\t<span id=\"woocommerce_loop_add_to_cart_link_describedby_11600\" class=\"screen-reader-text\">\n\t\t\t<\/span>\n<\/li>\n<li class=\"product type-product post-3981 status-publish instock product_cat-editorial-fr has-post-thumbnail shipping-taxable purchasable product-type-variable\">\n\t<a href=\"https:\/\/hemendik.eu\/fr\/produit\/livre-hemendik\/\" class=\"woocommerce-LoopProduct-link woocommerce-loop-product__link\"><img decoding=\"async\" width=\"1000\" height=\"1000\" src=\"https:\/\/hemendik.eu\/wp-content\/uploads\/2020\/10\/hemendik_ingles_liburua-1.jpg\" class=\"attachment-full size-full\" alt=\"\" srcset=\"https:\/\/hemendik.eu\/wp-content\/uploads\/2020\/10\/hemendik_ingles_liburua-1.jpg 1000w, https:\/\/hemendik.eu\/wp-content\/uploads\/2020\/10\/hemendik_ingles_liburua-1-100x100.jpg 100w, https:\/\/hemendik.eu\/wp-content\/uploads\/2020\/10\/hemendik_ingles_liburua-1-920x920.jpg 920w, https:\/\/hemendik.eu\/wp-content\/uploads\/2020\/10\/hemendik_ingles_liburua-1-300x300.jpg 300w, https:\/\/hemendik.eu\/wp-content\/uploads\/2020\/10\/hemendik_ingles_liburua-1-150x150.jpg 150w, https:\/\/hemendik.eu\/wp-content\/uploads\/2020\/10\/hemendik_ingles_liburua-1-768x768.jpg 768w\" sizes=\"(max-width: 1000px) 100vw, 1000px\" \/><h2 class=\"woocommerce-loop-product__title\">Livre Hemendik<\/h2>\n\t<span class=\"price\"><span class=\"woocommerce-Price-amount amount\"><bdi>45,00<span class=\"woocommerce-Price-currencySymbol\">&euro;<\/span><\/bdi><\/span><\/span>\n<\/a><a href=\"https:\/\/hemendik.eu\/fr\/produit\/livre-hemendik\/\" aria-describedby=\"woocommerce_loop_add_to_cart_link_describedby_3981\" data-quantity=\"1\" class=\"button product_type_variable add_to_cart_button\" data-product_id=\"3981\" data-product_sku=\"\" aria-label=\"S\u00e9lectionner les options pour &ldquo;Livre Hemendik&rdquo;\" rel=\"nofollow\">Choix des options<\/a>\t<span id=\"woocommerce_loop_add_to_cart_link_describedby_3981\" class=\"screen-reader-text\">\n\t\tCe produit a plusieurs variations. Les options peuvent \u00eatre choisies sur la page du produit\t<\/span>\n<\/li>\n<li class=\"product type-product post-9590 status-publish last instock product_cat-textil-fr product_cat-uncategorized product_cat-uncategorized-fr has-post-thumbnail shipping-taxable purchasable product-type-variable\">\n\t<a href=\"https:\/\/hemendik.eu\/fr\/produit\/elosegui-txapela\/\" class=\"woocommerce-LoopProduct-link woocommerce-loop-product__link\"><img decoding=\"async\" width=\"1200\" height=\"1200\" src=\"https:\/\/hemendik.eu\/wp-content\/uploads\/2025\/03\/Elosegui-txapela-tolosa-hemendik-07.jpg\" class=\"attachment-full size-full\" alt=\"\" srcset=\"https:\/\/hemendik.eu\/wp-content\/uploads\/2025\/03\/Elosegui-txapela-tolosa-hemendik-07.jpg 1200w, https:\/\/hemendik.eu\/wp-content\/uploads\/2025\/03\/Elosegui-txapela-tolosa-hemendik-07-300x300.jpg 300w, https:\/\/hemendik.eu\/wp-content\/uploads\/2025\/03\/Elosegui-txapela-tolosa-hemendik-07-1024x1024.jpg 1024w, https:\/\/hemendik.eu\/wp-content\/uploads\/2025\/03\/Elosegui-txapela-tolosa-hemendik-07-150x150.jpg 150w, https:\/\/hemendik.eu\/wp-content\/uploads\/2025\/03\/Elosegui-txapela-tolosa-hemendik-07-768x768.jpg 768w, https:\/\/hemendik.eu\/wp-content\/uploads\/2025\/03\/Elosegui-txapela-tolosa-hemendik-07-920x920.jpg 920w, https:\/\/hemendik.eu\/wp-content\/uploads\/2025\/03\/Elosegui-txapela-tolosa-hemendik-07-100x100.jpg 100w\" sizes=\"(max-width: 1200px) 100vw, 1200px\" \/><h2 class=\"woocommerce-loop-product__title\">B\u00e9ret Elosegui<\/h2>\n\t<span class=\"price\"><span class=\"woocommerce-Price-amount amount\"><bdi>29,00<span class=\"woocommerce-Price-currencySymbol\">&euro;<\/span><\/bdi><\/span><\/span>\n<\/a><a href=\"https:\/\/hemendik.eu\/fr\/produit\/elosegui-txapela\/\" aria-describedby=\"woocommerce_loop_add_to_cart_link_describedby_9590\" data-quantity=\"1\" class=\"button product_type_variable add_to_cart_button\" data-product_id=\"9590\" data-product_sku=\"\" aria-label=\"S\u00e9lectionner les options pour &ldquo;B\u00e9ret Elosegui&rdquo;\" rel=\"nofollow\">Choix des options<\/a>\t<span id=\"woocommerce_loop_add_to_cart_link_describedby_9590\" class=\"screen-reader-text\">\n\t\tCe produit a plusieurs variations. Les options peuvent \u00eatre choisies sur la page du produit\t<\/span>\n<\/li>\n<li class=\"product type-product post-9593 status-publish first instock product_cat-uncategorized-fr has-post-thumbnail shipping-taxable purchasable product-type-simple\">\n\t<a href=\"https:\/\/hemendik.eu\/fr\/produit\/txikitero-edalontzia\/\" class=\"woocommerce-LoopProduct-link woocommerce-loop-product__link\"><img loading=\"lazy\" decoding=\"async\" width=\"1200\" height=\"1201\" src=\"https:\/\/hemendik.eu\/wp-content\/uploads\/2025\/03\/Txikitero-vicrila-02.jpg\" class=\"attachment-full size-full\" alt=\"\" srcset=\"https:\/\/hemendik.eu\/wp-content\/uploads\/2025\/03\/Txikitero-vicrila-02.jpg 1200w, https:\/\/hemendik.eu\/wp-content\/uploads\/2025\/03\/Txikitero-vicrila-02-300x300.jpg 300w, https:\/\/hemendik.eu\/wp-content\/uploads\/2025\/03\/Txikitero-vicrila-02-1024x1024.jpg 1024w, https:\/\/hemendik.eu\/wp-content\/uploads\/2025\/03\/Txikitero-vicrila-02-150x150.jpg 150w, https:\/\/hemendik.eu\/wp-content\/uploads\/2025\/03\/Txikitero-vicrila-02-768x769.jpg 768w, https:\/\/hemendik.eu\/wp-content\/uploads\/2025\/03\/Txikitero-vicrila-02-920x921.jpg 920w, https:\/\/hemendik.eu\/wp-content\/uploads\/2025\/03\/Txikitero-vicrila-02-100x100.jpg 100w\" sizes=\"(max-width: 1200px) 100vw, 1200px\" \/><h2 class=\"woocommerce-loop-product__title\">Txikitero edalontzia<\/h2>\n\t<span class=\"price\"><span class=\"woocommerce-Price-amount amount\"><bdi>15,00<span class=\"woocommerce-Price-currencySymbol\">&euro;<\/span><\/bdi><\/span><\/span>\n<\/a><a href=\"?add-to-cart=9593\" aria-describedby=\"woocommerce_loop_add_to_cart_link_describedby_9593\" data-quantity=\"1\" class=\"button product_type_simple add_to_cart_button ajax_add_to_cart\" data-product_id=\"9593\" data-product_sku=\"\" aria-label=\"Ajouter au panier\u00a0: &ldquo;Txikitero edalontzia&rdquo;\" rel=\"nofollow\" data-success_message=\"\u00ab\u00a0Txikitero edalontzia\u00a0\u00bb a \u00e9t\u00e9 ajout\u00e9 \u00e0 votre panier\">Ajouter au panier<\/a>\t<span id=\"woocommerce_loop_add_to_cart_link_describedby_9593\" class=\"screen-reader-text\">\n\t\t\t<\/span>\n<\/li>\n<li class=\"product type-product post-9596 status-publish instock product_cat-uncategorized-fr has-post-thumbnail shipping-taxable purchasable product-type-simple\">\n\t<a href=\"https:\/\/hemendik.eu\/fr\/produit\/rodon-esku-muturrekoa\/\" class=\"woocommerce-LoopProduct-link woocommerce-loop-product__link\"><img loading=\"lazy\" decoding=\"async\" width=\"1200\" height=\"1200\" src=\"https:\/\/hemendik.eu\/wp-content\/uploads\/2025\/01\/Hemendik-Rodon-eskumuturra-1.jpg\" class=\"attachment-full size-full\" alt=\"\" srcset=\"https:\/\/hemendik.eu\/wp-content\/uploads\/2025\/01\/Hemendik-Rodon-eskumuturra-1.jpg 1200w, https:\/\/hemendik.eu\/wp-content\/uploads\/2025\/01\/Hemendik-Rodon-eskumuturra-1-300x300.jpg 300w, https:\/\/hemendik.eu\/wp-content\/uploads\/2025\/01\/Hemendik-Rodon-eskumuturra-1-1024x1024.jpg 1024w, https:\/\/hemendik.eu\/wp-content\/uploads\/2025\/01\/Hemendik-Rodon-eskumuturra-1-150x150.jpg 150w, https:\/\/hemendik.eu\/wp-content\/uploads\/2025\/01\/Hemendik-Rodon-eskumuturra-1-768x768.jpg 768w, https:\/\/hemendik.eu\/wp-content\/uploads\/2025\/01\/Hemendik-Rodon-eskumuturra-1-920x920.jpg 920w, https:\/\/hemendik.eu\/wp-content\/uploads\/2025\/01\/Hemendik-Rodon-eskumuturra-1-100x100.jpg 100w\" sizes=\"(max-width: 1200px) 100vw, 1200px\" \/><h2 class=\"woocommerce-loop-product__title\">Bracelet Rodon<\/h2>\n\t<span class=\"price\"><span class=\"woocommerce-Price-amount amount\"><bdi>1.190,00<span class=\"woocommerce-Price-currencySymbol\">&euro;<\/span><\/bdi><\/span><\/span>\n<\/a><a href=\"?add-to-cart=9596\" aria-describedby=\"woocommerce_loop_add_to_cart_link_describedby_9596\" data-quantity=\"1\" class=\"button product_type_simple add_to_cart_button ajax_add_to_cart\" data-product_id=\"9596\" data-product_sku=\"\" aria-label=\"Ajouter au panier\u00a0: &ldquo;Bracelet Rodon&rdquo;\" rel=\"nofollow\" data-success_message=\"\u00ab\u00a0Bracelet Rodon\u00a0\u00bb a \u00e9t\u00e9 ajout\u00e9 \u00e0 votre panier\">Ajouter au panier<\/a>\t<span id=\"woocommerce_loop_add_to_cart_link_describedby_9596\" class=\"screen-reader-text\">\n\t\t\t<\/span>\n<\/li>\n<li class=\"product type-product post-9600 status-publish last instock product_cat-uncategorized-fr has-post-thumbnail shipping-taxable purchasable product-type-simple\">\n\t<a href=\"https:\/\/hemendik.eu\/fr\/produit\/el-casco-grapagailua\/\" class=\"woocommerce-LoopProduct-link woocommerce-loop-product__link\"><img loading=\"lazy\" decoding=\"async\" width=\"1200\" height=\"1200\" src=\"https:\/\/hemendik.eu\/wp-content\/uploads\/2025\/01\/El-casco-grapagailua-hemendik-01.jpg\" class=\"attachment-full size-full\" alt=\"\" srcset=\"https:\/\/hemendik.eu\/wp-content\/uploads\/2025\/01\/El-casco-grapagailua-hemendik-01.jpg 1200w, https:\/\/hemendik.eu\/wp-content\/uploads\/2025\/01\/El-casco-grapagailua-hemendik-01-300x300.jpg 300w, https:\/\/hemendik.eu\/wp-content\/uploads\/2025\/01\/El-casco-grapagailua-hemendik-01-1024x1024.jpg 1024w, https:\/\/hemendik.eu\/wp-content\/uploads\/2025\/01\/El-casco-grapagailua-hemendik-01-150x150.jpg 150w, https:\/\/hemendik.eu\/wp-content\/uploads\/2025\/01\/El-casco-grapagailua-hemendik-01-768x768.jpg 768w, https:\/\/hemendik.eu\/wp-content\/uploads\/2025\/01\/El-casco-grapagailua-hemendik-01-920x920.jpg 920w, https:\/\/hemendik.eu\/wp-content\/uploads\/2025\/01\/El-casco-grapagailua-hemendik-01-100x100.jpg 100w\" sizes=\"(max-width: 1200px) 100vw, 1200px\" \/><h2 class=\"woocommerce-loop-product__title\">L&rsquo;agrafeuse El Casco<\/h2>\n\t<span class=\"price\"><span class=\"woocommerce-Price-amount amount\"><bdi>235,00<span class=\"woocommerce-Price-currencySymbol\">&euro;<\/span><\/bdi><\/span><\/span>\n<\/a><a href=\"?add-to-cart=9600\" aria-describedby=\"woocommerce_loop_add_to_cart_link_describedby_9600\" data-quantity=\"1\" class=\"button product_type_simple add_to_cart_button ajax_add_to_cart\" data-product_id=\"9600\" data-product_sku=\"\" aria-label=\"Ajouter au panier\u00a0: &ldquo;L&#039;agrafeuse El Casco&rdquo;\" rel=\"nofollow\" data-success_message=\"\u00ab\u00a0L&#039;agrafeuse El Casco\u00a0\u00bb a \u00e9t\u00e9 ajout\u00e9 \u00e0 votre panier\">Ajouter au panier<\/a>\t<span id=\"woocommerce_loop_add_to_cart_link_describedby_9600\" class=\"screen-reader-text\">\n\t\t\t<\/span>\n<\/li>\n<li class=\"product type-product post-9603 status-publish first instock product_cat-uncategorized-fr has-post-thumbnail shipping-taxable purchasable product-type-simple\">\n\t<a href=\"https:\/\/hemendik.eu\/fr\/produit\/fournier-mus-kartak\/\" class=\"woocommerce-LoopProduct-link woocommerce-loop-product__link\"><img loading=\"lazy\" decoding=\"async\" width=\"1200\" height=\"1200\" src=\"https:\/\/hemendik.eu\/wp-content\/uploads\/2025\/01\/Fournier-mus-kartak-hemendik-04-1.jpg\" class=\"attachment-full size-full\" alt=\"\" srcset=\"https:\/\/hemendik.eu\/wp-content\/uploads\/2025\/01\/Fournier-mus-kartak-hemendik-04-1.jpg 1200w, https:\/\/hemendik.eu\/wp-content\/uploads\/2025\/01\/Fournier-mus-kartak-hemendik-04-1-300x300.jpg 300w, https:\/\/hemendik.eu\/wp-content\/uploads\/2025\/01\/Fournier-mus-kartak-hemendik-04-1-1024x1024.jpg 1024w, https:\/\/hemendik.eu\/wp-content\/uploads\/2025\/01\/Fournier-mus-kartak-hemendik-04-1-150x150.jpg 150w, https:\/\/hemendik.eu\/wp-content\/uploads\/2025\/01\/Fournier-mus-kartak-hemendik-04-1-768x768.jpg 768w, https:\/\/hemendik.eu\/wp-content\/uploads\/2025\/01\/Fournier-mus-kartak-hemendik-04-1-920x920.jpg 920w, https:\/\/hemendik.eu\/wp-content\/uploads\/2025\/01\/Fournier-mus-kartak-hemendik-04-1-100x100.jpg 100w\" sizes=\"(max-width: 1200px) 100vw, 1200px\" \/><h2 class=\"woocommerce-loop-product__title\">Cartes de mus Fournier<\/h2>\n\t<span class=\"price\"><span class=\"woocommerce-Price-amount amount\"><bdi>8,00<span class=\"woocommerce-Price-currencySymbol\">&euro;<\/span><\/bdi><\/span><\/span>\n<\/a><a href=\"?add-to-cart=9603\" aria-describedby=\"woocommerce_loop_add_to_cart_link_describedby_9603\" data-quantity=\"1\" class=\"button product_type_simple add_to_cart_button ajax_add_to_cart\" data-product_id=\"9603\" data-product_sku=\"\" aria-label=\"Ajouter au panier\u00a0: &ldquo;Cartes de mus Fournier&rdquo;\" rel=\"nofollow\" data-success_message=\"\u00ab\u00a0Cartes de mus Fournier\u00a0\u00bb a \u00e9t\u00e9 ajout\u00e9 \u00e0 votre panier\">Ajouter au panier<\/a>\t<span id=\"woocommerce_loop_add_to_cart_link_describedby_9603\" class=\"screen-reader-text\">\n\t\t\t<\/span>\n<\/li>\n<li class=\"product type-product post-10006 status-publish outofstock product_cat-editorial-fr product_cat-uncategorized-fr product_cat-uncategorized has-post-thumbnail shipping-taxable purchasable product-type-simple\">\n\t<a href=\"https:\/\/hemendik.eu\/fr\/produit\/livre-lur-garden\/\" class=\"woocommerce-LoopProduct-link woocommerce-loop-product__link\"><img loading=\"lazy\" decoding=\"async\" width=\"1000\" height=\"1000\" src=\"https:\/\/hemendik.eu\/wp-content\/uploads\/2025\/03\/Lur-garden-liburua-inigo-segurola-01.jpg\" class=\"attachment-full size-full\" alt=\"\" srcset=\"https:\/\/hemendik.eu\/wp-content\/uploads\/2025\/03\/Lur-garden-liburua-inigo-segurola-01.jpg 1000w, https:\/\/hemendik.eu\/wp-content\/uploads\/2025\/03\/Lur-garden-liburua-inigo-segurola-01-300x300.jpg 300w, https:\/\/hemendik.eu\/wp-content\/uploads\/2025\/03\/Lur-garden-liburua-inigo-segurola-01-150x150.jpg 150w, https:\/\/hemendik.eu\/wp-content\/uploads\/2025\/03\/Lur-garden-liburua-inigo-segurola-01-768x768.jpg 768w, https:\/\/hemendik.eu\/wp-content\/uploads\/2025\/03\/Lur-garden-liburua-inigo-segurola-01-920x920.jpg 920w, https:\/\/hemendik.eu\/wp-content\/uploads\/2025\/03\/Lur-garden-liburua-inigo-segurola-01-100x100.jpg 100w\" sizes=\"(max-width: 1000px) 100vw, 1000px\" \/><h2 class=\"woocommerce-loop-product__title\">Livre Lur Garden<\/h2>\n\t<span class=\"price\"><span class=\"woocommerce-Price-amount amount\"><bdi>50,00<span class=\"woocommerce-Price-currencySymbol\">&euro;<\/span><\/bdi><\/span><\/span>\n<\/a><a href=\"https:\/\/hemendik.eu\/fr\/produit\/livre-lur-garden\/\" aria-describedby=\"woocommerce_loop_add_to_cart_link_describedby_10006\" data-quantity=\"1\" class=\"button product_type_simple\" data-product_id=\"10006\" data-product_sku=\"\" aria-label=\"En savoir plus sur &ldquo;Livre Lur Garden&rdquo;\" rel=\"nofollow\" data-success_message=\"\">Lire la suite<\/a>\t<span id=\"woocommerce_loop_add_to_cart_link_describedby_10006\" class=\"screen-reader-text\">\n\t\t\t<\/span>\n<\/li>\n<li class=\"product type-product post-3980 status-publish last instock product_cat-textil-fr has-post-thumbnail shipping-taxable purchasable product-type-simple\">\n\t<a href=\"https:\/\/hemendik.eu\/fr\/produit\/hemendik-tote-bag\/\" class=\"woocommerce-LoopProduct-link woocommerce-loop-product__link\"><img loading=\"lazy\" decoding=\"async\" width=\"1200\" height=\"1200\" src=\"https:\/\/hemendik.eu\/wp-content\/uploads\/2024\/12\/Hemendik-tote-bag.jpg\" class=\"attachment-full size-full\" alt=\"\" srcset=\"https:\/\/hemendik.eu\/wp-content\/uploads\/2024\/12\/Hemendik-tote-bag.jpg 1200w, https:\/\/hemendik.eu\/wp-content\/uploads\/2024\/12\/Hemendik-tote-bag-300x300.jpg 300w, https:\/\/hemendik.eu\/wp-content\/uploads\/2024\/12\/Hemendik-tote-bag-1024x1024.jpg 1024w, https:\/\/hemendik.eu\/wp-content\/uploads\/2024\/12\/Hemendik-tote-bag-150x150.jpg 150w, https:\/\/hemendik.eu\/wp-content\/uploads\/2024\/12\/Hemendik-tote-bag-768x768.jpg 768w, https:\/\/hemendik.eu\/wp-content\/uploads\/2024\/12\/Hemendik-tote-bag-920x920.jpg 920w, https:\/\/hemendik.eu\/wp-content\/uploads\/2024\/12\/Hemendik-tote-bag-100x100.jpg 100w\" sizes=\"(max-width: 1200px) 100vw, 1200px\" \/><h2 class=\"woocommerce-loop-product__title\">Sac Hemendik<\/h2>\n\t<span class=\"price\"><span class=\"woocommerce-Price-amount amount\"><bdi>12,00<span class=\"woocommerce-Price-currencySymbol\">&euro;<\/span><\/bdi><\/span><\/span>\n<\/a><a href=\"?add-to-cart=3980\" aria-describedby=\"woocommerce_loop_add_to_cart_link_describedby_3980\" data-quantity=\"1\" class=\"button product_type_simple add_to_cart_button ajax_add_to_cart\" data-product_id=\"3980\" data-product_sku=\"\" aria-label=\"Ajouter au panier\u00a0: &ldquo;Sac Hemendik&rdquo;\" rel=\"nofollow\" data-success_message=\"\u00ab\u00a0Sac Hemendik\u00a0\u00bb a \u00e9t\u00e9 ajout\u00e9 \u00e0 votre panier\">Ajouter au panier<\/a>\t<span id=\"woocommerce_loop_add_to_cart_link_describedby_3980\" class=\"screen-reader-text\">\n\t\t\t<\/span>\n<\/li>\n<\/ul>\n<\/div>\t\t<\/div>\n\t\t\t\t<\/div>\n\t\t\t\t\t<\/div>\n\t\t\t\t<\/div>\n\t\t\t\t<\/div>\n\t\t","protected":false},"excerpt":{"rendered":"<p>Hemendik Shop<\/p>\n","protected":false},"author":7,"featured_media":0,"parent":0,"menu_order":0,"comment_status":"closed","ping_status":"closed","template":"","meta":{"_acf_changed":false,"footnotes":""},"class_list":["post-9537","page","type-page","status-publish","hentry"],"acf":[],"_links":{"self":[{"href":"https:\/\/hemendik.eu\/fr\/wp-json\/wp\/v2\/pages\/9537","targetHints":{"allow":["GET"]}}],"collection":[{"href":"https:\/\/hemendik.eu\/fr\/wp-json\/wp\/v2\/pages"}],"about":[{"href":"https:\/\/hemendik.eu\/fr\/wp-json\/wp\/v2\/types\/page"}],"author":[{"embeddable":true,"href":"https:\/\/hemendik.eu\/fr\/wp-json\/wp\/v2\/users\/7"}],"replies":[{"embeddable":true,"href":"https:\/\/hemendik.eu\/fr\/wp-json\/wp\/v2\/comments?post=9537"}],"version-history":[{"count":2,"href":"https:\/\/hemendik.eu\/fr\/wp-json\/wp\/v2\/pages\/9537\/revisions"}],"predecessor-version":[{"id":9542,"href":"https:\/\/hemendik.eu\/fr\/wp-json\/wp\/v2\/pages\/9537\/revisions\/9542"}],"wp:attachment":[{"href":"https:\/\/hemendik.eu\/fr\/wp-json\/wp\/v2\/media?parent=9537"}],"curies":[{"name":"wp","href":"https:\/\/api.w.org\/{rel}","templated":true}]}}