{"id":10006,"date":"2024-03-31T18:08:26","date_gmt":"2024-03-31T16:08:26","guid":{"rendered":"https:\/\/hemendik.eu\/product\/lur-garden-liburua\/"},"modified":"2025-03-31T18:10:18","modified_gmt":"2025-03-31T16:10:18","slug":"livre-lur-garden","status":"publish","type":"product","link":"https:\/\/hemendik.eu\/fr\/produit\/livre-lur-garden\/","title":{"rendered":"Livre Lur Garden"},"content":{"rendered":"","protected":false},"excerpt":{"rendered":"<p>Livre \u00e9crit par I\u00f1igo Segurola Arregui, o\u00f9 il retrace ses d\u00e9buts dans le monde du paysagisme, ouvrant la voie \u00e0 un r\u00e9cit minutieux de ce qui est devenu l\u2019\u0153uvre de sa vie : le jardin des jardins, LUR Garden.<\/p>\n","protected":false},"featured_media":9987,"template":"","meta":{"_acf_changed":false},"product_brand":[],"product_cat":[124,116,194],"product_tag":[],"class_list":{"0":"post-10006","1":"product","2":"type-product","3":"status-publish","4":"has-post-thumbnail","6":"product_cat-uncategorized","7":"product_cat-editorial-fr","8":"product_cat-uncategorized-fr","10":"first","11":"outofstock","12":"shipping-taxable","13":"purchasable","14":"product-type-simple"},"acf":[],"_links":{"self":[{"href":"https:\/\/hemendik.eu\/fr\/wp-json\/wp\/v2\/product\/10006","targetHints":{"allow":["GET"]}}],"collection":[{"href":"https:\/\/hemendik.eu\/fr\/wp-json\/wp\/v2\/product"}],"about":[{"href":"https:\/\/hemendik.eu\/fr\/wp-json\/wp\/v2\/types\/product"}],"wp:featuredmedia":[{"embeddable":true,"href":"https:\/\/hemendik.eu\/fr\/wp-json\/wp\/v2\/media\/9987"}],"wp:attachment":[{"href":"https:\/\/hemendik.eu\/fr\/wp-json\/wp\/v2\/media?parent=10006"}],"wp:term":[{"taxonomy":"product_brand","embeddable":true,"href":"https:\/\/hemendik.eu\/fr\/wp-json\/wp\/v2\/product_brand?post=10006"},{"taxonomy":"product_cat","embeddable":true,"href":"https:\/\/hemendik.eu\/fr\/wp-json\/wp\/v2\/product_cat?post=10006"},{"taxonomy":"product_tag","embeddable":true,"href":"https:\/\/hemendik.eu\/fr\/wp-json\/wp\/v2\/product_tag?post=10006"}],"curies":[{"name":"wp","href":"https:\/\/api.w.org\/{rel}","templated":true}]}}