{"id":11600,"date":"2025-06-05T16:14:41","date_gmt":"2025-06-05T14:14:41","guid":{"rendered":"https:\/\/hemendik.eu\/product\/uhin-taburetea\/"},"modified":"2025-06-05T16:29:08","modified_gmt":"2025-06-05T14:29:08","slug":"uhin-taburetea","status":"publish","type":"product","link":"https:\/\/hemendik.eu\/fr\/produit\/uhin-taburetea\/","title":{"rendered":"Tabouret Uhin"},"content":{"rendered":"","protected":false},"excerpt":{"rendered":"<p>Plus de 100 ans apr\u00e8s la naissance de Nestor Basterretxea, Alki r\u00e9\u00e9dite un si\u00e8ge con\u00e7u en 1961 par ce pionnier du design industriel basque. Toujours actuel, ce mod\u00e8le refl\u00e8te l&rsquo;audace et l&rsquo;innovation qui ont marqu\u00e9 l&rsquo;\u0153uvre de Basterretxea.<\/p>\n<p>Le mod\u00e8le original \u00e9tait intemporel : son voyage vers le futur \u00e9tait tout trac\u00e9. Le si\u00e8ge est r\u00e9alis\u00e9 par compression de feuilles de bois, dont la couche superficielle est en ch\u00eane, un arbre cher \u00e0 Basterretxea. <\/p>\n","protected":false},"featured_media":11585,"template":"","meta":{"_acf_changed":false},"product_brand":[],"product_cat":[194],"product_tag":[],"class_list":{"0":"post-11600","1":"product","2":"type-product","3":"status-publish","4":"has-post-thumbnail","6":"product_cat-uncategorized-fr","8":"first","9":"instock","10":"shipping-taxable","11":"purchasable","12":"product-type-simple"},"acf":[],"_links":{"self":[{"href":"https:\/\/hemendik.eu\/fr\/wp-json\/wp\/v2\/product\/11600","targetHints":{"allow":["GET"]}}],"collection":[{"href":"https:\/\/hemendik.eu\/fr\/wp-json\/wp\/v2\/product"}],"about":[{"href":"https:\/\/hemendik.eu\/fr\/wp-json\/wp\/v2\/types\/product"}],"wp:featuredmedia":[{"embeddable":true,"href":"https:\/\/hemendik.eu\/fr\/wp-json\/wp\/v2\/media\/11585"}],"wp:attachment":[{"href":"https:\/\/hemendik.eu\/fr\/wp-json\/wp\/v2\/media?parent=11600"}],"wp:term":[{"taxonomy":"product_brand","embeddable":true,"href":"https:\/\/hemendik.eu\/fr\/wp-json\/wp\/v2\/product_brand?post=11600"},{"taxonomy":"product_cat","embeddable":true,"href":"https:\/\/hemendik.eu\/fr\/wp-json\/wp\/v2\/product_cat?post=11600"},{"taxonomy":"product_tag","embeddable":true,"href":"https:\/\/hemendik.eu\/fr\/wp-json\/wp\/v2\/product_tag?post=11600"}],"curies":[{"name":"wp","href":"https:\/\/api.w.org\/{rel}","templated":true}]}}