{"id":3980,"date":"2020-09-24T12:42:22","date_gmt":"2020-09-24T10:42:22","guid":{"rendered":"https:\/\/hemendik.eu\/producto\/hemendik-tote-bag\/"},"modified":"2025-04-11T10:25:52","modified_gmt":"2025-04-11T08:25:52","slug":"hemendik-tote-bag","status":"publish","type":"product","link":"https:\/\/hemendik.eu\/fr\/produit\/hemendik-tote-bag\/","title":{"rendered":"Sac Hemendik"},"content":{"rendered":"","protected":false},"excerpt":{"rendered":"<p>Bords haut avec double pli pour plus de solidit\u00e9 et de qualit\u00e9 de finition. Longues poign\u00e9es avec renfort en croix. Coutures en bas du sac pour apporter du volume. 80% coton recycl\u00e9, 20% polyester recycl\u00e9.<br \/>\nDimensions : 37 x 43 cm.<\/p>\n","protected":false},"featured_media":11218,"template":"","meta":{"_acf_changed":false},"product_brand":[],"product_cat":[117],"product_tag":[],"class_list":{"0":"post-3980","1":"product","2":"type-product","3":"status-publish","4":"has-post-thumbnail","6":"product_cat-textil-fr","8":"first","9":"instock","10":"shipping-taxable","11":"purchasable","12":"product-type-simple"},"acf":[],"_links":{"self":[{"href":"https:\/\/hemendik.eu\/fr\/wp-json\/wp\/v2\/product\/3980","targetHints":{"allow":["GET"]}}],"collection":[{"href":"https:\/\/hemendik.eu\/fr\/wp-json\/wp\/v2\/product"}],"about":[{"href":"https:\/\/hemendik.eu\/fr\/wp-json\/wp\/v2\/types\/product"}],"wp:featuredmedia":[{"embeddable":true,"href":"https:\/\/hemendik.eu\/fr\/wp-json\/wp\/v2\/media\/11218"}],"wp:attachment":[{"href":"https:\/\/hemendik.eu\/fr\/wp-json\/wp\/v2\/media?parent=3980"}],"wp:term":[{"taxonomy":"product_brand","embeddable":true,"href":"https:\/\/hemendik.eu\/fr\/wp-json\/wp\/v2\/product_brand?post=3980"},{"taxonomy":"product_cat","embeddable":true,"href":"https:\/\/hemendik.eu\/fr\/wp-json\/wp\/v2\/product_cat?post=3980"},{"taxonomy":"product_tag","embeddable":true,"href":"https:\/\/hemendik.eu\/fr\/wp-json\/wp\/v2\/product_tag?post=3980"}],"curies":[{"name":"wp","href":"https:\/\/api.w.org\/{rel}","templated":true}]}}