{"id":3981,"date":"2025-03-26T15:12:06","date_gmt":"2025-03-26T14:12:06","guid":{"rendered":"https:\/\/hemendik.eu\/producto\/hemendik-livre-danglais\/"},"modified":"2025-11-03T16:16:14","modified_gmt":"2025-11-03T15:16:14","slug":"livre-hemendik","status":"publish","type":"product","link":"https:\/\/hemendik.eu\/fr\/produit\/livre-hemendik\/","title":{"rendered":"Livre Hemendik"},"content":{"rendered":"","protected":false},"excerpt":{"rendered":"<p>L\u2019histoire d\u2019un objet permet de croiser divers contextes, qu\u2019ils soient g\u00e9ographique, historique, politique ou social. A\u0300 travers cette s\u00e9lection de 50 objets, nous r\u00e9v\u00e9lons de nombreuses facettes d\u2019un pays qui, scinde\u0301 en diff\u00e9rentes entit\u00e9s, manque de m\u00e9moire collective. De tous temps, pour concevoir un objet il a fallu faire, refaire, regarder, innover, reprendre, am\u00e9liorer, s\u2019adapter, inventer, se risquer. C\u2019est ce long chemin, ce processus cr\u00e9atif, qui nous int\u00e9resse particuli\u00e8rement ici.<\/p>\n","protected":false},"featured_media":4115,"template":"","meta":{"_acf_changed":false},"product_brand":[],"product_cat":[116],"product_tag":[],"class_list":{"0":"post-3981","1":"product","2":"type-product","3":"status-publish","4":"has-post-thumbnail","6":"product_cat-editorial-fr","8":"first","9":"instock","10":"shipping-taxable","11":"purchasable","12":"product-type-variable"},"acf":[],"_links":{"self":[{"href":"https:\/\/hemendik.eu\/fr\/wp-json\/wp\/v2\/product\/3981","targetHints":{"allow":["GET"]}}],"collection":[{"href":"https:\/\/hemendik.eu\/fr\/wp-json\/wp\/v2\/product"}],"about":[{"href":"https:\/\/hemendik.eu\/fr\/wp-json\/wp\/v2\/types\/product"}],"wp:featuredmedia":[{"embeddable":true,"href":"https:\/\/hemendik.eu\/fr\/wp-json\/wp\/v2\/media\/4115"}],"wp:attachment":[{"href":"https:\/\/hemendik.eu\/fr\/wp-json\/wp\/v2\/media?parent=3981"}],"wp:term":[{"taxonomy":"product_brand","embeddable":true,"href":"https:\/\/hemendik.eu\/fr\/wp-json\/wp\/v2\/product_brand?post=3981"},{"taxonomy":"product_cat","embeddable":true,"href":"https:\/\/hemendik.eu\/fr\/wp-json\/wp\/v2\/product_cat?post=3981"},{"taxonomy":"product_tag","embeddable":true,"href":"https:\/\/hemendik.eu\/fr\/wp-json\/wp\/v2\/product_tag?post=3981"}],"curies":[{"name":"wp","href":"https:\/\/api.w.org\/{rel}","templated":true}]}}