{"id":9590,"date":"2025-03-26T09:27:34","date_gmt":"2025-03-26T08:27:34","guid":{"rendered":"https:\/\/hemendik.eu\/product\/elosegui-txapela\/"},"modified":"2025-03-31T12:59:54","modified_gmt":"2025-03-31T10:59:54","slug":"elosegui-txapela","status":"publish","type":"product","link":"https:\/\/hemendik.eu\/fr\/produit\/elosegui-txapela\/","title":{"rendered":"B\u00e9ret Elosegui"},"content":{"rendered":"<p class=\"\" data-start=\"48\" data-end=\"208\">Les b\u00e9rets Boinas Elosegui sont connus dans toute l&rsquo;Europe. Ils sont fabriqu\u00e9s depuis 1858 dans l&rsquo;atelier de Tolosa, selon un processus de production artisanal.<\/p>\n<p class=\"\" data-start=\"215\" data-end=\"281\">Ce sont des b\u00e9rets en laine m\u00e9rinos, pour une meilleure imperm\u00e9abilit\u00e9.<\/p>\n","protected":false},"excerpt":{"rendered":"<p>Les b\u00e9rets Boinas Elosegui sont connus dans toute l&rsquo;Europe. Ils sont fabriqu\u00e9s depuis 1858 dans l&rsquo;atelier de Tolosa, selon un processus de production artisanal.<\/p>\n<p>Ce sont des b\u00e9rets en laine m\u00e9rinos, pour une meilleure imperm\u00e9abilit\u00e9.<\/p>\n","protected":false},"featured_media":9534,"template":"","meta":{"_acf_changed":false},"product_brand":[],"product_cat":[124,117,194],"product_tag":[],"class_list":{"0":"post-9590","1":"product","2":"type-product","3":"status-publish","4":"has-post-thumbnail","6":"product_cat-uncategorized","7":"product_cat-textil-fr","8":"product_cat-uncategorized-fr","10":"first","11":"instock","12":"shipping-taxable","13":"purchasable","14":"product-type-variable"},"acf":[],"_links":{"self":[{"href":"https:\/\/hemendik.eu\/fr\/wp-json\/wp\/v2\/product\/9590","targetHints":{"allow":["GET"]}}],"collection":[{"href":"https:\/\/hemendik.eu\/fr\/wp-json\/wp\/v2\/product"}],"about":[{"href":"https:\/\/hemendik.eu\/fr\/wp-json\/wp\/v2\/types\/product"}],"wp:featuredmedia":[{"embeddable":true,"href":"https:\/\/hemendik.eu\/fr\/wp-json\/wp\/v2\/media\/9534"}],"wp:attachment":[{"href":"https:\/\/hemendik.eu\/fr\/wp-json\/wp\/v2\/media?parent=9590"}],"wp:term":[{"taxonomy":"product_brand","embeddable":true,"href":"https:\/\/hemendik.eu\/fr\/wp-json\/wp\/v2\/product_brand?post=9590"},{"taxonomy":"product_cat","embeddable":true,"href":"https:\/\/hemendik.eu\/fr\/wp-json\/wp\/v2\/product_cat?post=9590"},{"taxonomy":"product_tag","embeddable":true,"href":"https:\/\/hemendik.eu\/fr\/wp-json\/wp\/v2\/product_tag?post=9590"}],"curies":[{"name":"wp","href":"https:\/\/api.w.org\/{rel}","templated":true}]}}