{"id":9603,"date":"2025-01-15T11:17:57","date_gmt":"2025-01-15T10:17:57","guid":{"rendered":"https:\/\/hemendik.eu\/product\/fournier-mus-kartak\/"},"modified":"2025-03-26T15:11:09","modified_gmt":"2025-03-26T14:11:09","slug":"fournier-mus-kartak","status":"publish","type":"product","link":"https:\/\/hemendik.eu\/fr\/produit\/fournier-mus-kartak\/","title":{"rendered":"Cartes de mus Fournier"},"content":{"rendered":"<p data-pm-slice=\"0 0 []\">Jeu de 40 cartes dans une bo\u00eete en plastique, pour jouer au mus, briska, tute, seiak, erratza, bakarkako, etc. Fabriqu\u00e9 \u00e0 Gasteiz.<\/p>\n","protected":false},"excerpt":{"rendered":"<p>Jeu de 40 cartes dans une bo\u00eete en plastique, pour jouer au mus, briska, tute, seiak, erratza, bakarkako, etc. Fabriqu\u00e9 \u00e0 Gasteiz.<\/p>\n","protected":false},"featured_media":11214,"template":"","meta":{"_acf_changed":false},"product_brand":[],"product_cat":[194],"product_tag":[],"class_list":{"0":"post-9603","1":"product","2":"type-product","3":"status-publish","4":"has-post-thumbnail","6":"product_cat-uncategorized-fr","8":"first","9":"instock","10":"shipping-taxable","11":"purchasable","12":"product-type-simple"},"acf":[],"_links":{"self":[{"href":"https:\/\/hemendik.eu\/fr\/wp-json\/wp\/v2\/product\/9603","targetHints":{"allow":["GET"]}}],"collection":[{"href":"https:\/\/hemendik.eu\/fr\/wp-json\/wp\/v2\/product"}],"about":[{"href":"https:\/\/hemendik.eu\/fr\/wp-json\/wp\/v2\/types\/product"}],"wp:featuredmedia":[{"embeddable":true,"href":"https:\/\/hemendik.eu\/fr\/wp-json\/wp\/v2\/media\/11214"}],"wp:attachment":[{"href":"https:\/\/hemendik.eu\/fr\/wp-json\/wp\/v2\/media?parent=9603"}],"wp:term":[{"taxonomy":"product_brand","embeddable":true,"href":"https:\/\/hemendik.eu\/fr\/wp-json\/wp\/v2\/product_brand?post=9603"},{"taxonomy":"product_cat","embeddable":true,"href":"https:\/\/hemendik.eu\/fr\/wp-json\/wp\/v2\/product_cat?post=9603"},{"taxonomy":"product_tag","embeddable":true,"href":"https:\/\/hemendik.eu\/fr\/wp-json\/wp\/v2\/product_tag?post=9603"}],"curies":[{"name":"wp","href":"https:\/\/api.w.org\/{rel}","templated":true}]}}